{"id":331,"date":"2020-05-13T12:30:25","date_gmt":"2020-05-13T12:30:25","guid":{"rendered":"https:\/\/blancanunez.com\/?post_type=product&#038;p=331"},"modified":"2020-05-30T17:59:48","modified_gmt":"2020-05-30T17:59:48","slug":"amago","status":"publish","type":"product","link":"https:\/\/blancanunez.com\/es\/producto\/amago\/","title":{"rendered":"&#8222;\u00c2mago&#8220; &#8211; \u00c2mago (2017)"},"content":{"rendered":"<div data-elementor-type=\"wp-post\" data-elementor-id=\"331\" class=\"elementor elementor-331\">\n\t\t\t\t\t\t<div class=\"elementor-inner\">\n\t\t\t\t<div class=\"elementor-section-wrap\">\n\t\t\t\t\t\t\t\t\t<section class=\"elementor-section elementor-top-section elementor-element elementor-element-32b46607 elementor-section-boxed elementor-section-height-default elementor-section-height-default\" data-id=\"32b46607\" data-element_type=\"section\">\n\t\t\t\t\t\t<div class=\"elementor-container elementor-column-gap-default\">\n\t\t\t\t\t\t\t<div class=\"elementor-row\">\n\t\t\t\t\t<div class=\"elementor-column elementor-col-100 elementor-top-column elementor-element elementor-element-2f27fe07\" data-id=\"2f27fe07\" data-element_type=\"column\">\n\t\t\t<div class=\"elementor-column-wrap elementor-element-populated\">\n\t\t\t\t\t\t\t<div class=\"elementor-widget-wrap\">\n\t\t\t\t\t\t<div class=\"elementor-element elementor-element-aef04de elementor-widget elementor-widget-text-editor\" data-id=\"aef04de\" data-element_type=\"widget\" data-widget_type=\"text-editor.default\">\n\t\t\t\t<div class=\"elementor-widget-container\">\n\t\t\t\t\t\t\t\t<div class=\"elementor-text-editor elementor-clearfix\">\n\t\t\t\t<p>Ich war von 2014 bis Januar 2019 Teil der akustik-Vokalband \u00c2mago. Wir nahmen ein wundersch\u00f6nes Album zusammen. Das ist es hier:<\/p><p><em>\u00c2mago\u2018 hei\u00dft auf portugiesisch \u201eHerzst\u00fcck\u201c oder \u201eKern der Sache\u201c.<\/em><br \/><em>Das Akustikensemble verleiht eigenen raffinierten Kompositionen und Arrangements bekannter Songs latin-farbenen Schmelz. Mit behutsamer Instrumentierung liefern sie federleichte Rhythmen und Stimmen, die samten, glasklar oder leidenschaftlich im Raum schweben und sich ideal erg\u00e4nzen.<\/em><br \/><em>Ein Fu\u00df, der swingt, Melodien, die schmeicheln und der sehns\u00fcchtige Klang eines Abends, der musikalisch ein bisschen gl\u00fccklicher macht.<\/em><\/p><p>Lisa Charlotte M\u00fcller (Voc., Perc. ) <br \/>Blanca Nunez (Voc., Git., Perc.)<br \/>J\u00fcrgen Haufer (Voc., Git.)<br \/>Michael Romm (Voc., Cello)<br \/>Gast: Alfonso Garrido (Perc.)<\/p><p>Mehr zu \u00c2mago: <a href=\"http:\/\/www.amagomusik.de\/\">www.amagomusik.de<\/a><\/p>\t\t\t\t\t<\/div>\n\t\t\t\t\t\t<\/div>\n\t\t\t\t<\/div>\n\t\t\t\t\t\t<\/div>\n\t\t\t\t\t<\/div>\n\t\t<\/div>\n\t\t\t\t\t\t\t\t<\/div>\n\t\t\t\t\t<\/div>\n\t\t<\/section>\n\t\t\t\t<section class=\"elementor-section elementor-top-section elementor-element elementor-element-2c329b0 elementor-section-boxed elementor-section-height-default elementor-section-height-default\" data-id=\"2c329b0\" data-element_type=\"section\">\n\t\t\t\t\t\t<div class=\"elementor-container elementor-column-gap-default\">\n\t\t\t\t\t\t\t<div class=\"elementor-row\">\n\t\t\t\t\t<div class=\"elementor-column elementor-col-100 elementor-top-column elementor-element elementor-element-507a31e\" data-id=\"507a31e\" data-element_type=\"column\">\n\t\t\t<div class=\"elementor-column-wrap elementor-element-populated\">\n\t\t\t\t\t\t\t<div class=\"elementor-widget-wrap\">\n\t\t\t\t\t\t<div class=\"elementor-element elementor-element-804c2bf elementor-widget elementor-widget-audio\" data-id=\"804c2bf\" data-element_type=\"widget\" data-widget_type=\"audio.default\">\n\t\t\t\t<div class=\"elementor-widget-container\">\n\t\t\t\t\t\t<div class=\"elementor-soundcloud-wrapper\">\n\t\t\t\t<iframe loading=\"lazy\" width=\"1170\" height=\"450\" frameborder=\"no\" src=\"https:\/\/w.soundcloud.com\/player\/?visual=false&#038;url=https%3A%2F%2Fapi.soundcloud.com%2Fplaylists%2F1061413963&#038;show_artwork=true&#038;maxheight=1000&#038;maxwidth=1170&#038;secret_token=s-c4YnQAfP8T1&#038;auto_play=false&#038;buying=true&#038;liking=true&#038;download=true&#038;sharing=true&#038;show_comments=true&#038;show_playcount=true&#038;show_user=true&#038;color\"><\/iframe>\t\t\t<\/div>\n\t\t\t\t\t<\/div>\n\t\t\t\t<\/div>\n\t\t\t\t\t\t<\/div>\n\t\t\t\t\t<\/div>\n\t\t<\/div>\n\t\t\t\t\t\t\t\t<\/div>\n\t\t\t\t\t<\/div>\n\t\t<\/section>\n\t\t\t\t\t\t\t\t\t<\/div>\n\t\t\t<\/div>\n\t\t\t\t\t<\/div>","protected":false},"excerpt":{"rendered":"<p>Ich war von 2014 bis Januar 2019 Teil der akustik-Vokalband \u00c2mago. Wir nahmen ein wundersch\u00f6nes Album zusammen. Das ist es hier: \u00c2mago\u2018 hei\u00dft auf portugiesisch \u201eHerzst\u00fcck\u201c oder \u201eKern der Sache\u201c.Das Akustikensemble verleiht eigenen raffinierten Kompositionen und Arrangements bekannter Songs latin-farbenen Schmelz. Mit behutsamer Instrumentierung liefern sie federleichte Rhythmen und Stimmen, die samten, glasklar oder leidenschaftlich [&hellip;]<\/p>","protected":false},"featured_media":337,"comment_status":"open","ping_status":"closed","template":"","meta":[],"_links":{"self":[{"href":"https:\/\/blancanunez.com\/es\/wp-json\/wp\/v2\/product\/331"}],"collection":[{"href":"https:\/\/blancanunez.com\/es\/wp-json\/wp\/v2\/product"}],"about":[{"href":"https:\/\/blancanunez.com\/es\/wp-json\/wp\/v2\/types\/product"}],"replies":[{"embeddable":true,"href":"https:\/\/blancanunez.com\/es\/wp-json\/wp\/v2\/comments?post=331"}],"version-history":[{"count":3,"href":"https:\/\/blancanunez.com\/es\/wp-json\/wp\/v2\/product\/331\/revisions"}],"predecessor-version":[{"id":504,"href":"https:\/\/blancanunez.com\/es\/wp-json\/wp\/v2\/product\/331\/revisions\/504"}],"wp:featuredmedia":[{"embeddable":true,"href":"https:\/\/blancanunez.com\/es\/wp-json\/wp\/v2\/media\/337"}],"wp:attachment":[{"href":"https:\/\/blancanunez.com\/es\/wp-json\/wp\/v2\/media?parent=331"}],"curies":[{"name":"wp","href":"https:\/\/api.w.org\/{rel}","templated":true}]}}