{"id":230,"date":"2020-05-08T15:07:58","date_gmt":"2020-05-08T15:07:58","guid":{"rendered":"https:\/\/blancanunez.com\/?post_type=product&#038;p=230"},"modified":"2020-05-30T17:42:42","modified_gmt":"2020-05-30T17:42:42","slug":"cd-cartas-que-nunca-envie-blanca-nunez-band","status":"publish","type":"product","link":"https:\/\/blancanunez.com\/es\/producto\/cd-cartas-que-nunca-envie-blanca-nunez-band\/","title":{"rendered":"&#8222;Cartas que nunca envi\u00e9&#8220; &#8211; Blanca N\u00fa\u00f1ez Band (2012)"},"content":{"rendered":"<div data-elementor-type=\"wp-post\" data-elementor-id=\"230\" class=\"elementor elementor-230\">\n\t\t\t\t\t\t<div class=\"elementor-inner\">\n\t\t\t\t<div class=\"elementor-section-wrap\">\n\t\t\t\t\t\t\t\t\t<section class=\"elementor-section elementor-top-section elementor-element elementor-element-7f152dd elementor-section-boxed elementor-section-height-default elementor-section-height-default\" data-id=\"7f152dd\" data-element_type=\"section\">\n\t\t\t\t\t\t<div class=\"elementor-container elementor-column-gap-default\">\n\t\t\t\t\t\t\t<div class=\"elementor-row\">\n\t\t\t\t\t<div class=\"elementor-column elementor-col-100 elementor-top-column elementor-element elementor-element-6b24140\" data-id=\"6b24140\" data-element_type=\"column\">\n\t\t\t<div class=\"elementor-column-wrap elementor-element-populated\">\n\t\t\t\t\t\t\t<div class=\"elementor-widget-wrap\">\n\t\t\t\t\t\t<div class=\"elementor-element elementor-element-de6a6c0 elementor-widget elementor-widget-audio\" data-id=\"de6a6c0\" data-element_type=\"widget\" data-widget_type=\"audio.default\">\n\t\t\t\t<div class=\"elementor-widget-container\">\n\t\t\t\t\t\t<div class=\"elementor-soundcloud-wrapper\">\n\t\t\t\t<iframe loading=\"lazy\" width=\"1170\" height=\"450\" frameborder=\"no\" src=\"https:\/\/w.soundcloud.com\/player\/?visual=false&#038;url=https%3A%2F%2Fapi.soundcloud.com%2Fplaylists%2F1061405932&#038;show_artwork=true&#038;maxheight=1000&#038;maxwidth=1170&#038;secret_token=s-R5KIH9aQRSh&#038;auto_play=false&#038;buying=true&#038;liking=true&#038;download=true&#038;sharing=true&#038;show_comments=true&#038;show_playcount=true&#038;show_user=true&#038;color\"><\/iframe>\t\t\t<\/div>\n\t\t\t\t\t<\/div>\n\t\t\t\t<\/div>\n\t\t\t\t\t\t<\/div>\n\t\t\t\t\t<\/div>\n\t\t<\/div>\n\t\t\t\t\t\t\t\t<\/div>\n\t\t\t\t\t<\/div>\n\t\t<\/section>\n\t\t\t\t<section class=\"elementor-section elementor-top-section elementor-element elementor-element-3db90e38 elementor-section-boxed elementor-section-height-default elementor-section-height-default\" data-id=\"3db90e38\" data-element_type=\"section\">\n\t\t\t\t\t\t<div class=\"elementor-container elementor-column-gap-default\">\n\t\t\t\t\t\t\t<div class=\"elementor-row\">\n\t\t\t\t\t<div class=\"elementor-column elementor-col-100 elementor-top-column elementor-element elementor-element-6ab3c2bc\" data-id=\"6ab3c2bc\" data-element_type=\"column\">\n\t\t\t<div class=\"elementor-column-wrap elementor-element-populated\">\n\t\t\t\t\t\t\t<div class=\"elementor-widget-wrap\">\n\t\t\t\t\t\t<div class=\"elementor-element elementor-element-61679838 elementor-widget elementor-widget-text-editor\" data-id=\"61679838\" data-element_type=\"widget\" data-widget_type=\"text-editor.default\">\n\t\t\t\t<div class=\"elementor-widget-container\">\n\t\t\t\t\t\t\t\t<div class=\"elementor-text-editor elementor-clearfix\">\n\t\t\t\t<p>1. D\u00edas de gris<br \/>2. No se trata<br \/>3. Respirar\u00e9<br \/>4. Me, My Home &amp; I<br \/>5. No me atrevo<br \/>6. Que alg\u00fan d\u00eda<br \/>7. Metamorfosis<br \/>8. Sola<br \/>9. Crash<br \/>10. Out Of Tears<br \/>11. Nothing Matters<br \/>12. Cada d\u00eda<br \/>13. Esta habitaci\u00f3n<\/p><p>\u00a0<\/p><p>\u00a0<\/p><p>\u00a0<\/p><p>All songs written and composed by Blanca N\u00fa\u00f1ez Ruiz<br \/>Release 26.06.2012<\/p><p><strong>Blanca N\u00fa\u00f1ez<\/strong> &#8211; vocals, acoustic guitar, songs<br \/><strong>Felix Hoffmann<\/strong> &#8211; bass, production, backing vocals<br \/><strong>Jan Niemeyer<\/strong> &#8211; drums, backing vocals<br \/><strong>Lukas Hoffmann<\/strong> &#8211; percussion<br \/><strong>Zaki Kiokakis<\/strong> &#8211; electric guitar<br \/><strong>Elisabeth F\u00fcgemann<\/strong> &#8211; cello<br \/><strong>Nikolas Schriefer<\/strong> &#8211; piano<br \/><strong>Christian Frentzen<\/strong> &#8211; organ<br \/><strong>Christian Hartung<\/strong> &#8211; banjo<br \/><strong>Benjamin Sch\u00fctz<\/strong> &#8211; trombone<\/p><p>Recording: Blanca N\u00fa\u00f1ez Band, Philip L\u00fctz, Marvin B\u00f6ttger<br \/>Mixing: Reinhard Kobialka<br \/>Master:<\/p>\t\t\t\t\t<\/div>\n\t\t\t\t\t\t<\/div>\n\t\t\t\t<\/div>\n\t\t\t\t\t\t<\/div>\n\t\t\t\t\t<\/div>\n\t\t<\/div>\n\t\t\t\t\t\t\t\t<\/div>\n\t\t\t\t\t<\/div>\n\t\t<\/section>\n\t\t\t\t\t\t\t\t\t<\/div>\n\t\t\t<\/div>\n\t\t\t\t\t<\/div>","protected":false},"excerpt":{"rendered":"<p>1. D\u00edas de gris2. No se trata3. Respirar\u00e94. Me, My Home &amp; I5. No me atrevo6. Que alg\u00fan d\u00eda7. Metamorfosis8. Sola9. Crash10. Out Of Tears11. Nothing Matters12. Cada d\u00eda13. Esta habitaci\u00f3n \u00a0 \u00a0 \u00a0 All songs written and composed by Blanca N\u00fa\u00f1ez RuizRelease 26.06.2012 Blanca N\u00fa\u00f1ez &#8211; vocals, acoustic guitar, songsFelix Hoffmann &#8211; bass, production, [&hellip;]<\/p>","protected":false},"featured_media":231,"comment_status":"open","ping_status":"closed","template":"","meta":[],"_links":{"self":[{"href":"https:\/\/blancanunez.com\/es\/wp-json\/wp\/v2\/product\/230"}],"collection":[{"href":"https:\/\/blancanunez.com\/es\/wp-json\/wp\/v2\/product"}],"about":[{"href":"https:\/\/blancanunez.com\/es\/wp-json\/wp\/v2\/types\/product"}],"replies":[{"embeddable":true,"href":"https:\/\/blancanunez.com\/es\/wp-json\/wp\/v2\/comments?post=230"}],"version-history":[{"count":5,"href":"https:\/\/blancanunez.com\/es\/wp-json\/wp\/v2\/product\/230\/revisions"}],"predecessor-version":[{"id":503,"href":"https:\/\/blancanunez.com\/es\/wp-json\/wp\/v2\/product\/230\/revisions\/503"}],"wp:featuredmedia":[{"embeddable":true,"href":"https:\/\/blancanunez.com\/es\/wp-json\/wp\/v2\/media\/231"}],"wp:attachment":[{"href":"https:\/\/blancanunez.com\/es\/wp-json\/wp\/v2\/media?parent=230"}],"curies":[{"name":"wp","href":"https:\/\/api.w.org\/{rel}","templated":true}]}}