{"id":895,"date":"2022-12-12T13:17:22","date_gmt":"2022-12-12T13:17:22","guid":{"rendered":"https:\/\/blancanunez.com\/?page_id=895"},"modified":"2023-07-07T07:39:31","modified_gmt":"2023-07-07T07:39:31","slug":"klavierunterricht","status":"publish","type":"page","link":"https:\/\/blancanunez.com\/es\/klavierunterricht\/","title":{"rendered":"Klavierunterricht"},"content":{"rendered":"<div data-elementor-type=\"wp-page\" data-elementor-id=\"895\" class=\"elementor elementor-895\">\n\t\t\t\t\t\t<div class=\"elementor-inner\">\n\t\t\t\t<div class=\"elementor-section-wrap\">\n\t\t\t\t\t\t\t\t\t<section class=\"elementor-section elementor-top-section elementor-element elementor-element-4092a5e elementor-section-boxed elementor-section-height-default elementor-section-height-default\" data-id=\"4092a5e\" data-element_type=\"section\">\n\t\t\t\t\t\t<div class=\"elementor-container elementor-column-gap-default\">\n\t\t\t\t\t\t\t<div class=\"elementor-row\">\n\t\t\t\t\t<div class=\"elementor-column elementor-col-100 elementor-top-column elementor-element elementor-element-3652a43\" data-id=\"3652a43\" data-element_type=\"column\">\n\t\t\t<div class=\"elementor-column-wrap elementor-element-populated\">\n\t\t\t\t\t\t\t<div class=\"elementor-widget-wrap\">\n\t\t\t\t\t\t<div class=\"elementor-element elementor-element-a449ac7 elementor-widget elementor-widget-image\" data-id=\"a449ac7\" data-element_type=\"widget\" data-widget_type=\"image.default\">\n\t\t\t\t<div class=\"elementor-widget-container\">\n\t\t\t\t\t\t\t\t<div class=\"elementor-image\">\n\t\t\t\t\t\t\t\t\t<figure class=\"wp-caption\">\n\t\t\t\t\t\t\t\t\t\t<img decoding=\"async\" width=\"1024\" height=\"536\" src=\"https:\/\/blancanunez.com\/wp-content\/uploads\/2022\/12\/2-1024x536.png\" class=\"attachment-large size-large wp-image-817\" alt=\"\" loading=\"lazy\" srcset=\"https:\/\/blancanunez.com\/wp-content\/uploads\/2022\/12\/2-1024x536.png 1024w, https:\/\/blancanunez.com\/wp-content\/uploads\/2022\/12\/2-300x157.png 300w, https:\/\/blancanunez.com\/wp-content\/uploads\/2022\/12\/2-768x402.png 768w, https:\/\/blancanunez.com\/wp-content\/uploads\/2022\/12\/2-18x9.png 18w, https:\/\/blancanunez.com\/wp-content\/uploads\/2022\/12\/2-830x434.png 830w, https:\/\/blancanunez.com\/wp-content\/uploads\/2022\/12\/2-230x120.png 230w, https:\/\/blancanunez.com\/wp-content\/uploads\/2022\/12\/2-350x183.png 350w, https:\/\/blancanunez.com\/wp-content\/uploads\/2022\/12\/2-480x251.png 480w, https:\/\/blancanunez.com\/wp-content\/uploads\/2022\/12\/2-600x314.png 600w, https:\/\/blancanunez.com\/wp-content\/uploads\/2022\/12\/2.png 1200w\" sizes=\"(max-width: 1024px) 100vw, 1024px\" \/>\t\t\t\t\t\t\t\t\t\t\t<figcaption class=\"widget-image-caption wp-caption-text\">Foto: Nelah aus dem Moore<\/figcaption>\n\t\t\t\t\t\t\t\t\t\t<\/figure>\n\t\t\t\t\t\t\t\t<\/div>\n\t\t\t\t\t\t<\/div>\n\t\t\t\t<\/div>\n\t\t\t\t<div class=\"elementor-element elementor-element-49f5f31 elementor-widget elementor-widget-heading\" data-id=\"49f5f31\" data-element_type=\"widget\" data-widget_type=\"heading.default\">\n\t\t\t\t<div class=\"elementor-widget-container\">\n\t\t\t<h5 class=\"elementor-heading-title elementor-size-default\">Meine Geschichte mit dem Klavier<\/h5>\t\t<\/div>\n\t\t\t\t<\/div>\n\t\t\t\t<div class=\"elementor-element elementor-element-89b44ee elementor-widget elementor-widget-text-editor\" data-id=\"89b44ee\" data-element_type=\"widget\" data-widget_type=\"text-editor.default\">\n\t\t\t\t<div class=\"elementor-widget-container\">\n\t\t\t\t\t\t\t\t<div class=\"elementor-text-editor elementor-clearfix\">\n\t\t\t\t<p>Diese Geschichte f\u00e4ngt in meinem 4. Lebensjahr an. Damals &#8222;wusste&#8220; ich noch nicht, was ich tue, das Instrument f\u00fchlte sich aber wie ein Riesenmagnet an. Ich MUSSTE mich dran setzen und alle m\u00f6glichen Melodien aus Werbung, Radio oder Schallplatten <strong>nach Geh\u00f6r<\/strong> mit meinen kleinen Fingern nachspielen. Sp\u00e4ter kamen ca. <strong>10 Jahre klassischer Unterricht<\/strong> dazu und der unausweichliche Zwang, jeden Ton so zu spielen, wie es die Partitur vorgab. Wo war die Frische der fr\u00fchesten Kindheit geblieben?<\/p><p>Das <strong>Jazzstudium mit Nebenfach Klavier<\/strong> half mir zu lernen, mit dem Klavier zu <em>denken<\/em>, statt dran einfach nur fremde gedruckte Noten zu spielen. Ich schaffte es irgendwann, so wie ich es aus der Gitarre kannte, aus dem Klavier eine Erweiterung meines musikalischen K\u00f6rpers herzustellen.<\/p><p>Heute ist f\u00fcr mich das Klavier das harmonisch \u00fcbersichtlichste Instrument, das ich kenne und meine erste Wahl, wenn es ans Komponieren, Arrangieren und (inzwischen auch) ans live-Begleiten geht.<\/p>\t\t\t\t\t<\/div>\n\t\t\t\t\t\t<\/div>\n\t\t\t\t<\/div>\n\t\t\t\t<div class=\"elementor-element elementor-element-4ca40b3 elementor-widget elementor-widget-heading\" data-id=\"4ca40b3\" data-element_type=\"widget\" data-widget_type=\"heading.default\">\n\t\t\t\t<div class=\"elementor-widget-container\">\n\t\t\t<h5 class=\"elementor-heading-title elementor-size-default\">Interessierst du dich f\u00fcr Klavierunterricht?<\/h5>\t\t<\/div>\n\t\t\t\t<\/div>\n\t\t\t\t<div class=\"elementor-element elementor-element-da5aca0 elementor-widget elementor-widget-text-editor\" data-id=\"da5aca0\" data-element_type=\"widget\" data-widget_type=\"text-editor.default\">\n\t\t\t\t<div class=\"elementor-widget-container\">\n\t\t\t\t\t\t\t\t<div class=\"elementor-text-editor elementor-clearfix\">\n\t\t\t\t<ul><li>In meinem Unterricht bringe ich dir gerne das <strong>Notenlesen<\/strong> bei und anhand fremder Werke Dinge wie <strong>Technik<\/strong>, Dynamik und gesunde Haltung am Instrument.<\/li><li>Was aber mein Unterricht ausmacht, ist die Ann\u00e4hrung zum <strong>Verst\u00e4ndnis<\/strong> von <strong>Harmonie, Form, Rhythmik und Kontext<\/strong>. Ich bringe dir sehr gerne bei, wie du dich und andere am Klavier beim Singen begleitest und gebe dir Tools an die Hand, mit denen du <strong>selbstst\u00e4ndig<\/strong> <strong>jeden Song<\/strong> in der Zukunft <strong>begleiten<\/strong> kannst&#8230; ganz ohne Noten! Aber mit K\u00f6pfchen \ud83d\ude42<\/li><\/ul>\t\t\t\t\t<\/div>\n\t\t\t\t\t\t<\/div>\n\t\t\t\t<\/div>\n\t\t\t\t<div class=\"elementor-element elementor-element-0081f8f elementor-widget elementor-widget-heading\" data-id=\"0081f8f\" data-element_type=\"widget\" data-widget_type=\"heading.default\">\n\t\t\t\t<div class=\"elementor-widget-container\">\n\t\t\t<p class=\"elementor-heading-title elementor-size-default\">Blanca N\u00fa\u00f1ez Ruiz<br>(Dipl. Jazzs\u00e4ngerin, Komponistin u. Multiinstrumentalistin)<\/p>\t\t<\/div>\n\t\t\t\t<\/div>\n\t\t\t\t<div class=\"elementor-element elementor-element-c03bd4f elementor-align-justify elementor-widget elementor-widget-button\" data-id=\"c03bd4f\" data-element_type=\"widget\" data-widget_type=\"button.default\">\n\t\t\t\t<div class=\"elementor-widget-container\">\n\t\t\t\t\t<div class=\"elementor-button-wrapper\">\n\t\t\t<a href=\"https:\/\/blancanunez.com\/es\/preise\/\" class=\"elementor-button-link elementor-button elementor-size-sm\" role=\"button\">\n\t\t\t\t\t\t<span class=\"elementor-button-content-wrapper\">\n\t\t\t\t\t\t<span class=\"elementor-button-text\">Preise und Infos<\/span>\n\t\t<\/span>\n\t\t\t\t\t<\/a>\n\t\t<\/div>\n\t\t\t\t<\/div>\n\t\t\t\t<\/div>\n\t\t\t\t<div class=\"elementor-element elementor-element-1dde0c1 elementor-widget elementor-widget-heading\" data-id=\"1dde0c1\" data-element_type=\"widget\" data-widget_type=\"heading.default\">\n\t\t\t\t<div class=\"elementor-widget-container\">\n\t\t\t<h3 class=\"elementor-heading-title elementor-size-default\">Interesse?<\/h3>\t\t<\/div>\n\t\t\t\t<\/div>\n\t\t\t\t<div class=\"elementor-element elementor-element-d3df7cf elementor-widget elementor-widget-text-editor\" data-id=\"d3df7cf\" data-element_type=\"widget\" data-widget_type=\"text-editor.default\">\n\t\t\t\t<div class=\"elementor-widget-container\">\n\t\t\t\t\t\t\t\t<div class=\"elementor-text-editor elementor-clearfix\">\n\t\t\t\t<p>Dann melde dich gerne unter <a href=\"mailto:contact@blancanunez.com\">contact@blancanunez.com<\/a>.<\/p>\t\t\t\t\t<\/div>\n\t\t\t\t\t\t<\/div>\n\t\t\t\t<\/div>\n\t\t\t\t\t\t<\/div>\n\t\t\t\t\t<\/div>\n\t\t<\/div>\n\t\t\t\t\t\t\t\t<\/div>\n\t\t\t\t\t<\/div>\n\t\t<\/section>\n\t\t\t\t\t\t\t\t\t<\/div>\n\t\t\t<\/div>\n\t\t\t\t\t<\/div>","protected":false},"excerpt":{"rendered":"<p>Foto: Nelah aus dem Moore Meine Geschichte mit dem Klavier Diese Geschichte f\u00e4ngt in meinem 4. Lebensjahr an. Damals &#8222;wusste&#8220; ich noch nicht, was ich tue, das Instrument f\u00fchlte sich aber wie ein Riesenmagnet an. Ich MUSSTE mich dran setzen und alle m\u00f6glichen Melodien aus Werbung, Radio oder Schallplatten nach Geh\u00f6r mit meinen kleinen Fingern [&hellip;]<\/p>","protected":false},"author":1,"featured_media":0,"parent":0,"menu_order":0,"comment_status":"closed","ping_status":"closed","template":"","meta":[],"_links":{"self":[{"href":"https:\/\/blancanunez.com\/es\/wp-json\/wp\/v2\/pages\/895"}],"collection":[{"href":"https:\/\/blancanunez.com\/es\/wp-json\/wp\/v2\/pages"}],"about":[{"href":"https:\/\/blancanunez.com\/es\/wp-json\/wp\/v2\/types\/page"}],"author":[{"embeddable":true,"href":"https:\/\/blancanunez.com\/es\/wp-json\/wp\/v2\/users\/1"}],"replies":[{"embeddable":true,"href":"https:\/\/blancanunez.com\/es\/wp-json\/wp\/v2\/comments?post=895"}],"version-history":[{"count":55,"href":"https:\/\/blancanunez.com\/es\/wp-json\/wp\/v2\/pages\/895\/revisions"}],"predecessor-version":[{"id":1139,"href":"https:\/\/blancanunez.com\/es\/wp-json\/wp\/v2\/pages\/895\/revisions\/1139"}],"wp:attachment":[{"href":"https:\/\/blancanunez.com\/es\/wp-json\/wp\/v2\/media?parent=895"}],"curies":[{"name":"wp","href":"https:\/\/api.w.org\/{rel}","templated":true}]}}