{"id":87,"date":"2020-03-27T18:19:02","date_gmt":"2020-03-27T18:19:02","guid":{"rendered":"https:\/\/blancanunez.com\/?page_id=87"},"modified":"2024-01-04T07:08:28","modified_gmt":"2024-01-04T07:08:28","slug":"newsletter","status":"publish","type":"page","link":"https:\/\/blancanunez.com\/es\/newsletter\/","title":{"rendered":"Newsletter"},"content":{"rendered":"<div data-elementor-type=\"wp-page\" data-elementor-id=\"87\" class=\"elementor elementor-87\">\n\t\t\t\t\t\t<div class=\"elementor-inner\">\n\t\t\t\t<div class=\"elementor-section-wrap\">\n\t\t\t\t\t\t\t\t\t<section class=\"elementor-section elementor-top-section elementor-element elementor-element-d2f7d5a elementor-section-boxed elementor-section-height-default elementor-section-height-default\" data-id=\"d2f7d5a\" data-element_type=\"section\">\n\t\t\t\t\t\t<div class=\"elementor-container elementor-column-gap-default\">\n\t\t\t\t\t\t\t<div class=\"elementor-row\">\n\t\t\t\t\t<div class=\"elementor-column elementor-col-100 elementor-top-column elementor-element elementor-element-27a43de\" data-id=\"27a43de\" data-element_type=\"column\">\n\t\t\t<div class=\"elementor-column-wrap elementor-element-populated\">\n\t\t\t\t\t\t\t<div class=\"elementor-widget-wrap\">\n\t\t\t\t\t\t<div class=\"elementor-element elementor-element-5dd0317 elementor-widget elementor-widget-image\" data-id=\"5dd0317\" data-element_type=\"widget\" data-widget_type=\"image.default\">\n\t\t\t\t<div class=\"elementor-widget-container\">\n\t\t\t\t\t\t\t\t<div class=\"elementor-image\">\n\t\t\t\t\t\t\t\t\t\t\t\t<img decoding=\"async\" width=\"1024\" height=\"331\" src=\"https:\/\/blancanunez.com\/wp-content\/uploads\/2020\/05\/album-release-konzert1-1024x331.png\" class=\"attachment-large size-large wp-image-383\" alt=\"\" loading=\"lazy\" srcset=\"https:\/\/blancanunez.com\/wp-content\/uploads\/2020\/05\/album-release-konzert1-1024x331.png 1024w, https:\/\/blancanunez.com\/wp-content\/uploads\/2020\/05\/album-release-konzert1-300x97.png 300w, https:\/\/blancanunez.com\/wp-content\/uploads\/2020\/05\/album-release-konzert1-768x248.png 768w, https:\/\/blancanunez.com\/wp-content\/uploads\/2020\/05\/album-release-konzert1-1536x497.png 1536w, https:\/\/blancanunez.com\/wp-content\/uploads\/2020\/05\/album-release-konzert1-830x269.png 830w, https:\/\/blancanunez.com\/wp-content\/uploads\/2020\/05\/album-release-konzert1-230x74.png 230w, https:\/\/blancanunez.com\/wp-content\/uploads\/2020\/05\/album-release-konzert1-350x113.png 350w, https:\/\/blancanunez.com\/wp-content\/uploads\/2020\/05\/album-release-konzert1-480x155.png 480w, https:\/\/blancanunez.com\/wp-content\/uploads\/2020\/05\/album-release-konzert1-600x194.png 600w, https:\/\/blancanunez.com\/wp-content\/uploads\/2020\/05\/album-release-konzert1.png 2000w\" sizes=\"(max-width: 1024px) 100vw, 1024px\" \/>\t\t\t\t\t\t\t\t\t\t\t\t\t\t<\/div>\n\t\t\t\t\t\t<\/div>\n\t\t\t\t<\/div>\n\t\t\t\t<section class=\"elementor-section elementor-inner-section elementor-element elementor-element-2b5e0e9 elementor-section-boxed elementor-section-height-default elementor-section-height-default\" data-id=\"2b5e0e9\" data-element_type=\"section\">\n\t\t\t\t\t\t<div class=\"elementor-container elementor-column-gap-default\">\n\t\t\t\t\t\t\t<div class=\"elementor-row\">\n\t\t\t\t\t<div class=\"elementor-column elementor-col-50 elementor-inner-column elementor-element elementor-element-f03380a\" data-id=\"f03380a\" data-element_type=\"column\">\n\t\t\t<div class=\"elementor-column-wrap elementor-element-populated\">\n\t\t\t\t\t\t\t<div class=\"elementor-widget-wrap\">\n\t\t\t\t\t\t<div class=\"elementor-element elementor-element-316894b elementor-widget elementor-widget-heading\" data-id=\"316894b\" data-element_type=\"widget\" data-widget_type=\"heading.default\">\n\t\t\t\t<div class=\"elementor-widget-container\">\n\t\t\t<h2 class=\"elementor-heading-title elementor-size-default\">Hallo!<\/h2>\t\t<\/div>\n\t\t\t\t<\/div>\n\t\t\t\t<div class=\"elementor-element elementor-element-417a66f elementor-widget elementor-widget-text-editor\" data-id=\"417a66f\" data-element_type=\"widget\" data-widget_type=\"text-editor.default\">\n\t\t\t\t<div class=\"elementor-widget-container\">\n\t\t\t\t\t\t\t\t<div class=\"elementor-text-editor elementor-clearfix\">\n\t\t\t\t<p>Sch\u00f6n, dass du da bist!\u00a0<\/p><p>Hast du Lust, (eher) unregelm\u00e4\u00dfig aber aus erster Hand zu erfahren, was es bei mir so Neues gibt, ohne daf\u00fcr auf SocialMedia angewiesen zu sein? Dann trag dich doch gerne hier ein. Ich gebe h\u00f6chstens ein mal im Monat (mindestens 1x im Jahr) Laut, oder aber auch zwischendurch, wenn es Gr\u00f6\u00dferes anzuk\u00fcndigen gibt.<\/p><p>Ich teile News mit dir, bevor die meisten davon erfahren und ab und zu gibt es ein kleines Extra (wie zB exklusives interaktives Material zum selbst Musizieren \ud83d\ude42 ).\u00a0<\/p><p>Der spontane Charakter meiner live Auftritte spiegelt sich auch in meiner Art der schriftlichen Kommunikation wider.<\/p><p>Spring rein! Ich freu mich auf dich \ud83d\ude42<\/p>\t\t\t\t\t<\/div>\n\t\t\t\t\t\t<\/div>\n\t\t\t\t<\/div>\n\t\t\t\t\t\t<\/div>\n\t\t\t\t\t<\/div>\n\t\t<\/div>\n\t\t\t\t<div class=\"elementor-column elementor-col-50 elementor-inner-column elementor-element elementor-element-954fd59\" data-id=\"954fd59\" data-element_type=\"column\">\n\t\t\t<div class=\"elementor-column-wrap elementor-element-populated\">\n\t\t\t\t\t\t\t<div class=\"elementor-widget-wrap\">\n\t\t\t\t\t\t<div class=\"elementor-element elementor-element-9ee4120 elementor-widget elementor-widget-heading\" data-id=\"9ee4120\" data-element_type=\"widget\" data-widget_type=\"heading.default\">\n\t\t\t\t<div class=\"elementor-widget-container\">\n\t\t\t<h2 class=\"elementor-heading-title elementor-size-default\">\u00a1Hola!<\/h2>\t\t<\/div>\n\t\t\t\t<\/div>\n\t\t\t\t<div class=\"elementor-element elementor-element-59dfc46 elementor-widget elementor-widget-text-editor\" data-id=\"59dfc46\" data-element_type=\"widget\" data-widget_type=\"text-editor.default\">\n\t\t\t\t<div class=\"elementor-widget-container\">\n\t\t\t\t\t\t\t\t<div class=\"elementor-text-editor elementor-clearfix\">\n\t\t\t\t<p>\u00a1Qu\u00e9 alegr\u00eda verte por aqu\u00ed!&nbsp;<\/p>\n<p>\u00bfTienes ganas de que te informe con regularidad de novedades sin que tengas que depender para ello de las redes sociales?&nbsp;Entonces ap\u00fantate aqu\u00ed con tu direcci\u00f3n de e-mail.&nbsp;<\/p>\n<p>Una vez al mes (o m\u00ednimo una vez al a\u00f1o) procuro dar se\u00f1ales de vida (a veces con m\u00e1s frecuencia, si hay algo grande que anunciar). Aqu\u00ed comparto primicias antes que con el resto del p\u00fablico y de vez en cuando hay alg\u00fan que otro regalillo (como por ejemplo material interactivo exclusivo para cantar a varias voces solx o con tu familia y amigxs \ud83d\ude09 ).<\/p>\n<p>Me gusta mantener por escrito la espontaneidad que caracteriza tambi\u00e9n a mis actuaciones en directo.<\/p><p>Nos vemos por aqu\u00ed?<br><\/p>\t\t\t\t\t<\/div>\n\t\t\t\t\t\t<\/div>\n\t\t\t\t<\/div>\n\t\t\t\t\t\t<\/div>\n\t\t\t\t\t<\/div>\n\t\t<\/div>\n\t\t\t\t\t\t\t\t<\/div>\n\t\t\t\t\t<\/div>\n\t\t<\/section>\n\t\t\t\t\t\t<\/div>\n\t\t\t\t\t<\/div>\n\t\t<\/div>\n\t\t\t\t\t\t\t\t<\/div>\n\t\t\t\t\t<\/div>\n\t\t<\/section>\n\t\t\t\t<section class=\"elementor-section elementor-top-section elementor-element elementor-element-12fbd3e elementor-section-boxed elementor-section-height-default elementor-section-height-default\" data-id=\"12fbd3e\" data-element_type=\"section\" data-settings=\"{&quot;background_background&quot;:&quot;classic&quot;}\">\n\t\t\t\t\t\t<div class=\"elementor-container elementor-column-gap-default\">\n\t\t\t\t\t\t\t<div class=\"elementor-row\">\n\t\t\t\t\t<div class=\"elementor-column elementor-col-100 elementor-top-column elementor-element elementor-element-dceabe7\" data-id=\"dceabe7\" data-element_type=\"column\">\n\t\t\t<div class=\"elementor-column-wrap elementor-element-populated\">\n\t\t\t\t\t\t\t<div class=\"elementor-widget-wrap\">\n\t\t\t\t\t\t<div class=\"elementor-element elementor-element-9b4966a elementor-widget elementor-widget-shortcode\" data-id=\"9b4966a\" data-element_type=\"widget\" data-widget_type=\"shortcode.default\">\n\t\t\t\t<div class=\"elementor-widget-container\">\n\t\t\t\t\t<div class=\"elementor-shortcode\"><!-- Begin Mailchimp Signup Form -->\n<link href=\"\/\/cdn-images.mailchimp.com\/embedcode\/classic-10_7.css\" rel=\"stylesheet\" type=\"text\/css\">\n<style type=\"text\/css\">\n\t#mc_embed_signup{background:#fff; clear:left; font:14px Helvetica,Arial,sans-serif; }\n\t\/* Add your own Mailchimp form style overrides in your site stylesheet or in this style block.\n\t   We recommend moving this block and the preceding CSS link to the HEAD of your HTML file. *\/\n<\/style>\n<style type=\"text\/css\">\n\t#mc-embedded-subscribe-form input[type=checkbox]{display: inline; width: auto;margin-right: 10px;}\n\t#mergeRow-gdpr {margin-top: 20px;}\n\t#mergeRow-gdpr fieldset label {font-weight: normal;}\n\t#mc-embedded-subscribe-form .mc_fieldset{border:none;min-height: 0px;padding-bottom:0px;}\n<\/style>\n<div id=\"mc_embed_signup\">\n<form action=\"https:\/\/gmail.us20.list-manage.com\/subscribe\/post?u=4d8af7bf28ec0106af63910ed&#038;id=5146cbeaf9\" method=\"post\" id=\"mc-embedded-subscribe-form\" name=\"mc-embedded-subscribe-form\" class=\"validate\" target=\"_blank\" novalidate data-trp-original-action=\"https:\/\/gmail.us20.list-manage.com\/subscribe\/post?u=4d8af7bf28ec0106af63910ed&amp;id=5146cbeaf9\">\n    <div id=\"mc_embed_signup_scroll\">\n\t<h2>Subscribe<\/h2>\n<div class=\"indicates-required\"><span class=\"asterisk\">*<\/span> indicates required<\/div>\n<div class=\"mc-field-group\">\n\t<label for=\"mce-EMAIL\">e-mail  <span class=\"asterisk\">*<\/span>\n<\/label>\n\t<input type=\"email\" value=\"\" name=\"EMAIL\" class=\"required email\" id=\"mce-EMAIL\">\n<\/div>\n<div class=\"mc-field-group\">\n\t<label for=\"mce-FNAME\">Vorname \/ Nombre  <span class=\"asterisk\">*<\/span>\n<\/label>\n\t<input type=\"text\" value=\"\" name=\"FNAME\" class=\"required\" id=\"mce-FNAME\">\n<\/div>\n<div class=\"mc-field-group\">\n\t<label for=\"mce-LNAME\">Nachname \/ Apellido <\/label>\n\t<input type=\"text\" value=\"\" name=\"LNAME\" class=\"\" id=\"mce-LNAME\">\n<\/div>\n<div class=\"mc-field-group\">\n\t<label for=\"mce-MMERGE6\">Language  <span class=\"asterisk\">*<\/span>\n<\/label>\n\t<select name=\"MMERGE6\" class=\"required\" id=\"mce-MMERGE6\">\n\t<option value=\"\"><\/option>\n\t<option value=\"deutsch\">deutsch<\/option>\n<option value=\"espa\u00f1ol\">espa\u00f1ol<\/option>\n\n\t<\/select>\n<\/div>\n<div id=\"mergeRow-gdpr\" class=\"mergeRow gdpr-mergeRow content__gdprBlock mc-field-group\">\n    <div class=\"content__gdpr\">\n        <label>Erlaubnis zum Marketing nach DSGVO<\/label>\n        <p>Ich werde die im Formular angegebenen Informationen verwenden, um mit dir in Kontakt zu treten. Bitte w\u00e4hle aus, auf welchen Wegen du von mir, Blanca N\u00fa\u00f1ez, h\u00f6ren m\u00f6chtest:<\/p>\n        <fieldset class=\"mc_fieldset gdprRequired mc-field-group\" name=\"interestgroup_field\">\n\t\t<label class=\"checkbox subfield\" for=\"gdpr_56392\"><input type=\"checkbox\" id=\"gdpr_56392\" name=\"gdpr[56392]\" value=\"Y\" class=\"av-checkbox\"><span>e-mail<\/span> <\/label>\n        <\/fieldset>\n        <p>Du kannst dich jederzeit abmelden, indem du auf den Link in der Fu\u00dfzeile meiner E-Mails klickst oder indem du mich unter contact@blancanunez.com kontaktierst. Ich werde deine Daten mit Respekt behandeln. F\u00fcr weitere Informationen \u00fcber die Datenschutzbestimmungen besuche bitte meine Webseite. Indem du unten auf den Button klickst, stimmst du zu, dass ich deine Daten in \u00dcbereinstimmung mit diesen Bedingungen verarbeiten darf.<\/p>\n    <\/div>\n    <div class=\"content__gdprLegal\">\n        <p>We use Mailchimp as our marketing platform. By clicking below to subscribe, you acknowledge that your information will be transferred to Mailchimp for processing. <a href=\"https:\/\/mailchimp.com\/legal\/\" target=\"_blank\">Learn more about Mailchimp's privacy practices here.<\/a><\/p>\n    <\/div>\n<\/div>\n\t<div id=\"mce-responses\" class=\"clear\">\n\t\t<div class=\"response\" id=\"mce-error-response\" style=\"display:none\"><\/div>\n\t\t<div class=\"response\" id=\"mce-success-response\" style=\"display:none\"><\/div>\n\t<\/div>    <!-- real people should not fill this in and expect good things - do not remove this or risk form bot signups-->\n    <div style=\"position: absolute; left: -5000px;\" aria-hidden=\"true\"><input type=\"text\" name=\"b_4d8af7bf28ec0106af63910ed_5146cbeaf9\" tabindex=\"-1\" value=\"\"><\/div>\n    <div class=\"clear\"><input type=\"submit\" value=\"Subscribe\" name=\"subscribe\" id=\"mc-embedded-subscribe\" class=\"button\"><\/div>\n    <\/div>\n<input type=\"hidden\" name=\"trp-form-language\" value=\"es\"\/><\/form>\n<\/div>\n<script type='text\/javascript' src='\/\/s3.amazonaws.com\/downloads.mailchimp.com\/js\/mc-validate.js'><\/script><script type='text\/javascript'>(function($) {window.fnames = new Array(); window.ftypes = new Array();fnames[0]='EMAIL';ftypes[0]='email';fnames[1]='FNAME';ftypes[1]='text';fnames[2]='LNAME';ftypes[2]='text';fnames[3]='ADDRESS';ftypes[3]='address';fnames[4]='PHONE';ftypes[4]='phone';fnames[6]='MMERGE6';ftypes[6]='dropdown';fnames[7]='MMERGE7';ftypes[7]='dropdown'; \/*\n * Translated default messages for the $ validation plugin.\n * Locale: DE\n *\/\n$.extend($.validator.messages, {\n\trequired: \"Dieses Feld ist ein Pflichtfeld.\",\n\tmaxlength: $.validator.format(\"Geben Sie bitte maximal {0} Zeichen ein.\"),\n\tminlength: $.validator.format(\"Geben Sie bitte mindestens {0} Zeichen ein.\"),\n\trangelength: $.validator.format(\"Geben Sie bitte mindestens {0} und maximal {1} Zeichen ein.\"),\n\temail: \"Geben Sie bitte eine g\u00fcltige E-Mail Adresse ein.\",\n\turl: \"Geben Sie bitte eine g\u00fcltige URL ein.\",\n\tdate: \"Bitte geben Sie ein g\u00fcltiges Datum ein.\",\n\tnumber: \"Geben Sie bitte eine Nummer ein.\",\n\tdigits: \"Geben Sie bitte nur Ziffern ein.\",\n\tequalTo: \"Bitte denselben Wert wiederholen.\",\n\trange: $.validator.format(\"Geben Sie bitten einen Wert zwischen {0} und {1}.\"),\n\tmax: $.validator.format(\"Geben Sie bitte einen Wert kleiner oder gleich {0} ein.\"),\n\tmin: $.validator.format(\"Geben Sie bitte einen Wert gr\u00f6\u00dfer oder gleich {0} ein.\"),\n\tcreditcard: \"Geben Sie bitte ein g\u00fcltige Kreditkarten-Nummer ein.\"\n});}(jQuery));var $mcj = jQuery.noConflict(true);<\/script>\n<!--End mc_embed_signup--><\/div>\n\t\t\t\t<\/div>\n\t\t\t\t<\/div>\n\t\t\t\t\t\t<\/div>\n\t\t\t\t\t<\/div>\n\t\t<\/div>\n\t\t\t\t\t\t\t\t<\/div>\n\t\t\t\t\t<\/div>\n\t\t<\/section>\n\t\t\t\t<section class=\"elementor-section elementor-top-section elementor-element elementor-element-49ac2e3 elementor-section-boxed elementor-section-height-default elementor-section-height-default\" data-id=\"49ac2e3\" data-element_type=\"section\">\n\t\t\t\t\t\t<div class=\"elementor-container elementor-column-gap-default\">\n\t\t\t\t\t\t\t<div class=\"elementor-row\">\n\t\t\t\t\t<div class=\"elementor-column elementor-col-100 elementor-top-column elementor-element elementor-element-cb894df\" data-id=\"cb894df\" data-element_type=\"column\">\n\t\t\t<div class=\"elementor-column-wrap\">\n\t\t\t\t\t\t\t<div class=\"elementor-widget-wrap\">\n\t\t\t\t\t\t\t\t<\/div>\n\t\t\t\t\t<\/div>\n\t\t<\/div>\n\t\t\t\t\t\t\t\t<\/div>\n\t\t\t\t\t<\/div>\n\t\t<\/section>\n\t\t\t\t\t\t\t\t\t<\/div>\n\t\t\t<\/div>\n\t\t\t\t\t<\/div>","protected":false},"excerpt":{"rendered":"<p>Hallo! Sch\u00f6n, dass du da bist!\u00a0 Hast du Lust, (eher) unregelm\u00e4\u00dfig aber aus erster Hand zu erfahren, was es bei mir so Neues gibt, ohne daf\u00fcr auf SocialMedia angewiesen zu sein? Dann trag dich doch gerne hier ein. Ich gebe h\u00f6chstens ein mal im Monat (mindestens 1x im Jahr) Laut, oder aber auch zwischendurch, wenn [&hellip;]<\/p>","protected":false},"author":1,"featured_media":0,"parent":0,"menu_order":0,"comment_status":"closed","ping_status":"closed","template":"","meta":[],"_links":{"self":[{"href":"https:\/\/blancanunez.com\/es\/wp-json\/wp\/v2\/pages\/87"}],"collection":[{"href":"https:\/\/blancanunez.com\/es\/wp-json\/wp\/v2\/pages"}],"about":[{"href":"https:\/\/blancanunez.com\/es\/wp-json\/wp\/v2\/types\/page"}],"author":[{"embeddable":true,"href":"https:\/\/blancanunez.com\/es\/wp-json\/wp\/v2\/users\/1"}],"replies":[{"embeddable":true,"href":"https:\/\/blancanunez.com\/es\/wp-json\/wp\/v2\/comments?post=87"}],"version-history":[{"count":44,"href":"https:\/\/blancanunez.com\/es\/wp-json\/wp\/v2\/pages\/87\/revisions"}],"predecessor-version":[{"id":1531,"href":"https:\/\/blancanunez.com\/es\/wp-json\/wp\/v2\/pages\/87\/revisions\/1531"}],"wp:attachment":[{"href":"https:\/\/blancanunez.com\/es\/wp-json\/wp\/v2\/media?parent=87"}],"curies":[{"name":"wp","href":"https:\/\/api.w.org\/{rel}","templated":true}]}}