{"id":865,"date":"2022-12-12T10:13:02","date_gmt":"2022-12-12T10:13:02","guid":{"rendered":"https:\/\/blancanunez.com\/?page_id=865"},"modified":"2023-07-07T07:38:25","modified_gmt":"2023-07-07T07:38:25","slug":"gitarrenunterricht","status":"publish","type":"page","link":"https:\/\/blancanunez.com\/es\/gitarrenunterricht\/","title":{"rendered":"Gitarrenunterricht"},"content":{"rendered":"<div data-elementor-type=\"wp-page\" data-elementor-id=\"865\" class=\"elementor elementor-865\">\n\t\t\t\t\t\t<div class=\"elementor-inner\">\n\t\t\t\t<div class=\"elementor-section-wrap\">\n\t\t\t\t\t\t\t\t\t<section class=\"elementor-section elementor-top-section elementor-element elementor-element-36808de elementor-section-boxed elementor-section-height-default elementor-section-height-default\" data-id=\"36808de\" data-element_type=\"section\">\n\t\t\t\t\t\t<div class=\"elementor-container elementor-column-gap-default\">\n\t\t\t\t\t\t\t<div class=\"elementor-row\">\n\t\t\t\t\t<div class=\"elementor-column elementor-col-100 elementor-top-column elementor-element elementor-element-8536435\" data-id=\"8536435\" data-element_type=\"column\">\n\t\t\t<div class=\"elementor-column-wrap elementor-element-populated\">\n\t\t\t\t\t\t\t<div class=\"elementor-widget-wrap\">\n\t\t\t\t\t\t<div class=\"elementor-element elementor-element-6961103 elementor-widget elementor-widget-image\" data-id=\"6961103\" data-element_type=\"widget\" data-widget_type=\"image.default\">\n\t\t\t\t<div class=\"elementor-widget-container\">\n\t\t\t\t\t\t\t\t<div class=\"elementor-image\">\n\t\t\t\t\t\t\t\t\t<figure class=\"wp-caption\">\n\t\t\t\t\t\t\t\t\t\t<img decoding=\"async\" width=\"1024\" height=\"536\" src=\"https:\/\/blancanunez.com\/wp-content\/uploads\/2022\/12\/3-1024x536.png\" class=\"attachment-large size-large wp-image-818\" alt=\"\" loading=\"lazy\" srcset=\"https:\/\/blancanunez.com\/wp-content\/uploads\/2022\/12\/3-1024x536.png 1024w, https:\/\/blancanunez.com\/wp-content\/uploads\/2022\/12\/3-300x157.png 300w, https:\/\/blancanunez.com\/wp-content\/uploads\/2022\/12\/3-768x402.png 768w, https:\/\/blancanunez.com\/wp-content\/uploads\/2022\/12\/3-18x9.png 18w, https:\/\/blancanunez.com\/wp-content\/uploads\/2022\/12\/3-830x434.png 830w, https:\/\/blancanunez.com\/wp-content\/uploads\/2022\/12\/3-230x120.png 230w, https:\/\/blancanunez.com\/wp-content\/uploads\/2022\/12\/3-350x183.png 350w, https:\/\/blancanunez.com\/wp-content\/uploads\/2022\/12\/3-480x251.png 480w, https:\/\/blancanunez.com\/wp-content\/uploads\/2022\/12\/3-600x314.png 600w, https:\/\/blancanunez.com\/wp-content\/uploads\/2022\/12\/3.png 1200w\" sizes=\"(max-width: 1024px) 100vw, 1024px\" \/>\t\t\t\t\t\t\t\t\t\t\t<figcaption class=\"widget-image-caption wp-caption-text\">Foto: Nelah aus dem Moore, 2021<\/figcaption>\n\t\t\t\t\t\t\t\t\t\t<\/figure>\n\t\t\t\t\t\t\t\t<\/div>\n\t\t\t\t\t\t<\/div>\n\t\t\t\t<\/div>\n\t\t\t\t<div class=\"elementor-element elementor-element-413cb1f elementor-widget elementor-widget-heading\" data-id=\"413cb1f\" data-element_type=\"widget\" data-widget_type=\"heading.default\">\n\t\t\t\t<div class=\"elementor-widget-container\">\n\t\t\t<h5 class=\"elementor-heading-title elementor-size-default\">M\u00f6chtest du lernen, dich und andere an der Gitarre zu begleiten?<\/h5>\t\t<\/div>\n\t\t\t\t<\/div>\n\t\t\t\t<div class=\"elementor-element elementor-element-050fc21 elementor-widget elementor-widget-text-editor\" data-id=\"050fc21\" data-element_type=\"widget\" data-widget_type=\"text-editor.default\">\n\t\t\t\t<div class=\"elementor-widget-container\">\n\t\t\t\t\t\t\t\t<div class=\"elementor-text-editor elementor-clearfix\">\n\t\t\t\t<p>Gitarre ist das Begleitinstrument, das als solches in meinem Leben von Anfang an da war. Jeder in meiner Familie konnte den einen oder anderen Akkord greifen. Mit 8 Jahren fing ich also auch an, die ersten Akkorde zu greifen, sp\u00e4ter Songs nach Geh\u00f6r zu spielen und mit 15 die ersten Songs selbst zu schreiben. Die ersten 15 Jahre meines B\u00fchnenlebens war es die Gitarre, die mich beim Songschreiben und beim Live-Singen unterst\u00fctzte.<\/p><p><strong>Im Unterricht<\/strong> lernst du die Gitarre kennen. Je nach dem wohin f\u00fcr dich die Reise mit dem Instrument gehen soll, arbeiten wir mit oder ohne Noten. Ich zeige dir, wie man mit diesem Instrument harmonisch denkt und erkl\u00e4re dir etwas Musiktheorie, gemischt mit Akkordgriffen. Es wird am Rhythmus der rechten Hand so wie am Raush\u00f6ren von Songs gearbeitet. Alles Schritt f\u00fcr Schritt.<\/p><p>Ziel f\u00fcr mich als Lehrerin ist es, <strong>dir Tools an die Hand zu geben, mit denen du selbst\u00e4ndig<\/strong> arbeiten und <strong>das Instrument zu DEINEM machen<\/strong> kannst.<\/p><p>Die Gitarre ist ein dankbares, extrem vielseitiges Instrument und eine geniale Erg\u00e4nzung f\u00fcr S\u00e4nger\/innen, die Songs schreiben und\/oder sich selbst begleiten m\u00f6chten. Auch f\u00fcr ErzieherInnen, GrundschullehrerInnen, PflegerInnen, BetreuerInnen oder Eltern. Aus meiner live Erfahrung f\u00fcr Solzialeinrichtungen kann ich nur sagen: Gitarrespielen bringt Menschen zum Singen. Und Singen bringt Leuchten in die Augen <img decoding=\"async\" class=\"emoji\" role=\"img\" draggable=\"false\" src=\"https:\/\/s.w.org\/images\/core\/emoji\/14.0.0\/svg\/1f31f.svg\" alt=\"\ud83c\udf1f\" \/><\/p>\t\t\t\t\t<\/div>\n\t\t\t\t\t\t<\/div>\n\t\t\t\t<\/div>\n\t\t\t\t<div class=\"elementor-element elementor-element-ff7375e elementor-widget elementor-widget-heading\" data-id=\"ff7375e\" data-element_type=\"widget\" data-widget_type=\"heading.default\">\n\t\t\t\t<div class=\"elementor-widget-container\">\n\t\t\t<p class=\"elementor-heading-title elementor-size-default\">Blanca N\u00fa\u00f1ez Ruiz<br>(Dipl. Jazzs\u00e4ngerin, Komponistin u. Multiinstrumentalistin)<\/p>\t\t<\/div>\n\t\t\t\t<\/div>\n\t\t\t\t<div class=\"elementor-element elementor-element-54cdc51 elementor-align-justify elementor-widget elementor-widget-button\" data-id=\"54cdc51\" data-element_type=\"widget\" data-widget_type=\"button.default\">\n\t\t\t\t<div class=\"elementor-widget-container\">\n\t\t\t\t\t<div class=\"elementor-button-wrapper\">\n\t\t\t<a href=\"https:\/\/blancanunez.com\/es\/preise\/\" class=\"elementor-button-link elementor-button elementor-size-sm\" role=\"button\">\n\t\t\t\t\t\t<span class=\"elementor-button-content-wrapper\">\n\t\t\t\t\t\t<span class=\"elementor-button-text\">Preise und Infos<\/span>\n\t\t<\/span>\n\t\t\t\t\t<\/a>\n\t\t<\/div>\n\t\t\t\t<\/div>\n\t\t\t\t<\/div>\n\t\t\t\t<div class=\"elementor-element elementor-element-0940e9a elementor-widget elementor-widget-heading\" data-id=\"0940e9a\" data-element_type=\"widget\" data-widget_type=\"heading.default\">\n\t\t\t\t<div class=\"elementor-widget-container\">\n\t\t\t<h2 class=\"elementor-heading-title elementor-size-default\">Interesse?<\/h2>\t\t<\/div>\n\t\t\t\t<\/div>\n\t\t\t\t<div class=\"elementor-element elementor-element-8c5c5c9 elementor-widget elementor-widget-text-editor\" data-id=\"8c5c5c9\" data-element_type=\"widget\" data-widget_type=\"text-editor.default\">\n\t\t\t\t<div class=\"elementor-widget-container\">\n\t\t\t\t\t\t\t\t<div class=\"elementor-text-editor elementor-clearfix\">\n\t\t\t\t<p>Dann melde dich gerne unter <a href=\"mailto:contact@blancanunez.com\">contact@blancanunez.com<\/a>.<\/p>\t\t\t\t\t<\/div>\n\t\t\t\t\t\t<\/div>\n\t\t\t\t<\/div>\n\t\t\t\t\t\t<\/div>\n\t\t\t\t\t<\/div>\n\t\t<\/div>\n\t\t\t\t\t\t\t\t<\/div>\n\t\t\t\t\t<\/div>\n\t\t<\/section>\n\t\t\t\t\t\t\t\t\t<\/div>\n\t\t\t<\/div>\n\t\t\t\t\t<\/div>","protected":false},"excerpt":{"rendered":"<p>Foto: Nelah aus dem Moore, 2021 M\u00f6chtest du lernen, dich und andere an der Gitarre zu begleiten? Gitarre ist das Begleitinstrument, das als solches in meinem Leben von Anfang an da war. Jeder in meiner Familie konnte den einen oder anderen Akkord greifen. Mit 8 Jahren fing ich also auch an, die ersten Akkorde zu [&hellip;]<\/p>","protected":false},"author":1,"featured_media":0,"parent":0,"menu_order":0,"comment_status":"closed","ping_status":"closed","template":"","meta":[],"_links":{"self":[{"href":"https:\/\/blancanunez.com\/es\/wp-json\/wp\/v2\/pages\/865"}],"collection":[{"href":"https:\/\/blancanunez.com\/es\/wp-json\/wp\/v2\/pages"}],"about":[{"href":"https:\/\/blancanunez.com\/es\/wp-json\/wp\/v2\/types\/page"}],"author":[{"embeddable":true,"href":"https:\/\/blancanunez.com\/es\/wp-json\/wp\/v2\/users\/1"}],"replies":[{"embeddable":true,"href":"https:\/\/blancanunez.com\/es\/wp-json\/wp\/v2\/comments?post=865"}],"version-history":[{"count":37,"href":"https:\/\/blancanunez.com\/es\/wp-json\/wp\/v2\/pages\/865\/revisions"}],"predecessor-version":[{"id":1133,"href":"https:\/\/blancanunez.com\/es\/wp-json\/wp\/v2\/pages\/865\/revisions\/1133"}],"wp:attachment":[{"href":"https:\/\/blancanunez.com\/es\/wp-json\/wp\/v2\/media?parent=865"}],"curies":[{"name":"wp","href":"https:\/\/api.w.org\/{rel}","templated":true}]}}