{"id":843,"date":"2022-12-12T09:41:44","date_gmt":"2022-12-12T09:41:44","guid":{"rendered":"https:\/\/blancanunez.com\/?page_id=843"},"modified":"2025-12-26T10:03:32","modified_gmt":"2025-12-26T10:03:32","slug":"gesangsunterricht","status":"publish","type":"page","link":"https:\/\/blancanunez.com\/es\/gesangsunterricht\/","title":{"rendered":"Gesangsunterricht"},"content":{"rendered":"<div data-elementor-type=\"wp-page\" data-elementor-id=\"843\" class=\"elementor elementor-843\">\n\t\t\t\t\t\t<div class=\"elementor-inner\">\n\t\t\t\t<div class=\"elementor-section-wrap\">\n\t\t\t\t\t\t\t\t\t<section class=\"elementor-section elementor-top-section elementor-element elementor-element-8e46976 elementor-section-boxed elementor-section-height-default elementor-section-height-default\" data-id=\"8e46976\" data-element_type=\"section\">\n\t\t\t\t\t\t<div class=\"elementor-container elementor-column-gap-default\">\n\t\t\t\t\t\t\t<div class=\"elementor-row\">\n\t\t\t\t\t<div class=\"elementor-column elementor-col-100 elementor-top-column elementor-element elementor-element-7990306\" data-id=\"7990306\" data-element_type=\"column\">\n\t\t\t<div class=\"elementor-column-wrap elementor-element-populated\">\n\t\t\t\t\t\t\t<div class=\"elementor-widget-wrap\">\n\t\t\t\t\t\t<div class=\"elementor-element elementor-element-456cd44 elementor-widget elementor-widget-image\" data-id=\"456cd44\" data-element_type=\"widget\" data-widget_type=\"image.default\">\n\t\t\t\t<div class=\"elementor-widget-container\">\n\t\t\t\t\t\t\t\t<div class=\"elementor-image\">\n\t\t\t\t\t\t\t\t\t<figure class=\"wp-caption\">\n\t\t\t\t\t\t\t\t\t\t<img decoding=\"async\" width=\"1024\" height=\"536\" src=\"https:\/\/blancanunez.com\/wp-content\/uploads\/2022\/12\/6-1024x536.png\" class=\"attachment-large size-large wp-image-820\" alt=\"\" loading=\"lazy\" srcset=\"https:\/\/blancanunez.com\/wp-content\/uploads\/2022\/12\/6-1024x536.png 1024w, https:\/\/blancanunez.com\/wp-content\/uploads\/2022\/12\/6-300x157.png 300w, https:\/\/blancanunez.com\/wp-content\/uploads\/2022\/12\/6-768x402.png 768w, https:\/\/blancanunez.com\/wp-content\/uploads\/2022\/12\/6-18x9.png 18w, https:\/\/blancanunez.com\/wp-content\/uploads\/2022\/12\/6-830x434.png 830w, https:\/\/blancanunez.com\/wp-content\/uploads\/2022\/12\/6-230x120.png 230w, https:\/\/blancanunez.com\/wp-content\/uploads\/2022\/12\/6-350x183.png 350w, https:\/\/blancanunez.com\/wp-content\/uploads\/2022\/12\/6-480x251.png 480w, https:\/\/blancanunez.com\/wp-content\/uploads\/2022\/12\/6-600x314.png 600w, https:\/\/blancanunez.com\/wp-content\/uploads\/2022\/12\/6.png 1200w\" sizes=\"(max-width: 1024px) 100vw, 1024px\" \/>\t\t\t\t\t\t\t\t\t\t\t<figcaption class=\"widget-image-caption wp-caption-text\">Foto: Nelah aus dem Moore, 2021<\/figcaption>\n\t\t\t\t\t\t\t\t\t\t<\/figure>\n\t\t\t\t\t\t\t\t<\/div>\n\t\t\t\t\t\t<\/div>\n\t\t\t\t<\/div>\n\t\t\t\t<div class=\"elementor-element elementor-element-9b755aa elementor-widget elementor-widget-heading\" data-id=\"9b755aa\" data-element_type=\"widget\" data-widget_type=\"heading.default\">\n\t\t\t\t<div class=\"elementor-widget-container\">\n\t\t\t<h6 class=\"elementor-heading-title elementor-size-default\">Interessierst du dich f\u00fcr Gesangsunterricht?<\/h6>\t\t<\/div>\n\t\t\t\t<\/div>\n\t\t\t\t<div class=\"elementor-element elementor-element-6cc908e elementor-widget elementor-widget-text-editor\" data-id=\"6cc908e\" data-element_type=\"widget\" data-widget_type=\"text-editor.default\">\n\t\t\t\t<div class=\"elementor-widget-container\">\n\t\t\t\t\t\t\t\t<div class=\"elementor-text-editor elementor-clearfix\">\n\t\t\t\t<p>Meinen \u00fcber 25 Jahren B\u00fchnenerfahrung mit eigener Musik geh\u00f6rt auch ein Diplomabschluss in Jazzgesang (Hochschule f\u00fcr Musik K\u00f6ln) und 15 Jahre Erfahrung als Gesangs- und Instrumentalp\u00e4dagogin.<\/p>\n<p>Im Unterricht begleite und unterst\u00fctze ich dich auf dem Weg deiner eigenen Stimme. Wir erforschen zusammen deine H\u00f6rgewohnheiten, deine Leidenschaft f\u00fcrs Musizieren und setzen dir Ziele fest, falls du noch keine konkreten mitbringst.<\/p>\n<p>Ich gebe dir Werkzeuge an die Hand, die du in deinen Routinen integrieren kannst, wie Warm-Ups, kleine Stimm- und Geh\u00f6rbildungs\u00fcbungen oder eine strukturierte Art der Arbeit an dem Song, den du singen m\u00f6chtest.<\/p>\n<p>Was auch immer du mit einer Gesangsausbildung bezweckst, die Arbeit an der eigenen Stimme ist immer eine Reise zu unserem eigenen Zentrum. Und so eine Erfahrung der Selbsterkenntnis ist immer lohnenswert \ud83d\ude09<\/p>\t\t\t\t\t<\/div>\n\t\t\t\t\t\t<\/div>\n\t\t\t\t<\/div>\n\t\t\t\t<div class=\"elementor-element elementor-element-03ab270 elementor-widget elementor-widget-heading\" data-id=\"03ab270\" data-element_type=\"widget\" data-widget_type=\"heading.default\">\n\t\t\t\t<div class=\"elementor-widget-container\">\n\t\t\t<p class=\"elementor-heading-title elementor-size-default\">Blanca N\u00fa\u00f1ez Ruiz<br>(Dipl. Jazzs\u00e4ngerin, Komponistin u. Multiinstrumentalistin)<\/p>\t\t<\/div>\n\t\t\t\t<\/div>\n\t\t\t\t\t\t<\/div>\n\t\t\t\t\t<\/div>\n\t\t<\/div>\n\t\t\t\t\t\t\t\t<\/div>\n\t\t\t\t\t<\/div>\n\t\t<\/section>\n\t\t\t\t<section class=\"elementor-section elementor-top-section elementor-element elementor-element-e7899fe elementor-section-boxed elementor-section-height-default elementor-section-height-default\" data-id=\"e7899fe\" data-element_type=\"section\">\n\t\t\t\t\t\t<div class=\"elementor-container elementor-column-gap-default\">\n\t\t\t\t\t\t\t<div class=\"elementor-row\">\n\t\t\t\t\t<div class=\"elementor-column elementor-col-100 elementor-top-column elementor-element elementor-element-06572ec\" data-id=\"06572ec\" data-element_type=\"column\">\n\t\t\t<div class=\"elementor-column-wrap elementor-element-populated\">\n\t\t\t\t\t\t\t<div class=\"elementor-widget-wrap\">\n\t\t\t\t\t\t<div class=\"elementor-element elementor-element-23cedb7 elementor-align-justify elementor-widget elementor-widget-button\" data-id=\"23cedb7\" data-element_type=\"widget\" data-widget_type=\"button.default\">\n\t\t\t\t<div class=\"elementor-widget-container\">\n\t\t\t\t\t<div class=\"elementor-button-wrapper\">\n\t\t\t<a href=\"https:\/\/blancanunez.com\/es\/preise\/\" class=\"elementor-button-link elementor-button elementor-size-sm\" role=\"button\">\n\t\t\t\t\t\t<span class=\"elementor-button-content-wrapper\">\n\t\t\t\t\t\t<span class=\"elementor-button-text\">Preise und Infos<\/span>\n\t\t<\/span>\n\t\t\t\t\t<\/a>\n\t\t<\/div>\n\t\t\t\t<\/div>\n\t\t\t\t<\/div>\n\t\t\t\t<div class=\"elementor-element elementor-element-a3f41ca elementor-widget elementor-widget-heading\" data-id=\"a3f41ca\" data-element_type=\"widget\" data-widget_type=\"heading.default\">\n\t\t\t\t<div class=\"elementor-widget-container\">\n\t\t\t<h2 class=\"elementor-heading-title elementor-size-default\">Interesse?<br><\/h2>\t\t<\/div>\n\t\t\t\t<\/div>\n\t\t\t\t<div class=\"elementor-element elementor-element-cc64a98 elementor-widget elementor-widget-text-editor\" data-id=\"cc64a98\" data-element_type=\"widget\" data-widget_type=\"text-editor.default\">\n\t\t\t\t<div class=\"elementor-widget-container\">\n\t\t\t\t\t\t\t\t<div class=\"elementor-text-editor elementor-clearfix\">\n\t\t\t\t<p>Dann melde dich gerne unter <a href=\"mailto:contact@blancanunez.com\">contact@blancanunez.com<\/a>.<\/p>\t\t\t\t\t<\/div>\n\t\t\t\t\t\t<\/div>\n\t\t\t\t<\/div>\n\t\t\t\t\t\t<\/div>\n\t\t\t\t\t<\/div>\n\t\t<\/div>\n\t\t\t\t\t\t\t\t<\/div>\n\t\t\t\t\t<\/div>\n\t\t<\/section>\n\t\t\t\t\t\t\t\t\t<\/div>\n\t\t\t<\/div>\n\t\t\t\t\t<\/div>","protected":false},"excerpt":{"rendered":"<p>Foto: Nelah aus dem Moore, 2021 Interessierst du dich f\u00fcr Gesangsunterricht? Meinen \u00fcber 25 Jahren B\u00fchnenerfahrung mit eigener Musik geh\u00f6rt auch ein Diplomabschluss in Jazzgesang (Hochschule f\u00fcr Musik K\u00f6ln) und 15 Jahre Erfahrung als Gesangs- und Instrumentalp\u00e4dagogin. Im Unterricht begleite und unterst\u00fctze ich dich auf dem Weg deiner eigenen Stimme. Wir erforschen zusammen deine H\u00f6rgewohnheiten, [&hellip;]<\/p>","protected":false},"author":1,"featured_media":0,"parent":0,"menu_order":0,"comment_status":"closed","ping_status":"closed","template":"","meta":[],"_links":{"self":[{"href":"https:\/\/blancanunez.com\/es\/wp-json\/wp\/v2\/pages\/843"}],"collection":[{"href":"https:\/\/blancanunez.com\/es\/wp-json\/wp\/v2\/pages"}],"about":[{"href":"https:\/\/blancanunez.com\/es\/wp-json\/wp\/v2\/types\/page"}],"author":[{"embeddable":true,"href":"https:\/\/blancanunez.com\/es\/wp-json\/wp\/v2\/users\/1"}],"replies":[{"embeddable":true,"href":"https:\/\/blancanunez.com\/es\/wp-json\/wp\/v2\/comments?post=843"}],"version-history":[{"count":28,"href":"https:\/\/blancanunez.com\/es\/wp-json\/wp\/v2\/pages\/843\/revisions"}],"predecessor-version":[{"id":1721,"href":"https:\/\/blancanunez.com\/es\/wp-json\/wp\/v2\/pages\/843\/revisions\/1721"}],"wp:attachment":[{"href":"https:\/\/blancanunez.com\/es\/wp-json\/wp\/v2\/media?parent=843"}],"curies":[{"name":"wp","href":"https:\/\/api.w.org\/{rel}","templated":true}]}}