{"id":784,"date":"2022-12-11T20:00:57","date_gmt":"2022-12-11T20:00:57","guid":{"rendered":"https:\/\/blancanunez.com\/?page_id=784"},"modified":"2024-01-04T06:49:09","modified_gmt":"2024-01-04T06:49:09","slug":"unterrichtsgutscheine","status":"publish","type":"page","link":"https:\/\/blancanunez.com\/es\/unterrichtsgutscheine\/","title":{"rendered":"Gutscheine"},"content":{"rendered":"<div data-elementor-type=\"wp-page\" data-elementor-id=\"784\" class=\"elementor elementor-784\">\n\t\t\t\t\t\t<div class=\"elementor-inner\">\n\t\t\t\t<div class=\"elementor-section-wrap\">\n\t\t\t\t\t\t\t\t\t<section class=\"elementor-section elementor-top-section elementor-element elementor-element-44696c7 elementor-section-boxed elementor-section-height-default elementor-section-height-default\" data-id=\"44696c7\" data-element_type=\"section\">\n\t\t\t\t\t\t<div class=\"elementor-container elementor-column-gap-default\">\n\t\t\t\t\t\t\t<div class=\"elementor-row\">\n\t\t\t\t\t<div class=\"elementor-column elementor-col-50 elementor-top-column elementor-element elementor-element-f729521\" data-id=\"f729521\" data-element_type=\"column\">\n\t\t\t<div class=\"elementor-column-wrap elementor-element-populated\">\n\t\t\t\t\t\t\t<div class=\"elementor-widget-wrap\">\n\t\t\t\t\t\t<div class=\"elementor-element elementor-element-e906951 elementor-widget elementor-widget-image\" data-id=\"e906951\" data-element_type=\"widget\" data-widget_type=\"image.default\">\n\t\t\t\t<div class=\"elementor-widget-container\">\n\t\t\t\t\t\t\t\t<div class=\"elementor-image\">\n\t\t\t\t\t\t\t\t\t\t\t\t<img decoding=\"async\" width=\"768\" height=\"768\" src=\"https:\/\/blancanunez.com\/wp-content\/uploads\/2024\/01\/2-768x768.png\" class=\"attachment-medium_large size-medium_large wp-image-1516\" alt=\"\" loading=\"lazy\" srcset=\"https:\/\/blancanunez.com\/wp-content\/uploads\/2024\/01\/2-768x768.png 768w, https:\/\/blancanunez.com\/wp-content\/uploads\/2024\/01\/2-300x300.png 300w, https:\/\/blancanunez.com\/wp-content\/uploads\/2024\/01\/2-1024x1024.png 1024w, https:\/\/blancanunez.com\/wp-content\/uploads\/2024\/01\/2-150x150.png 150w, https:\/\/blancanunez.com\/wp-content\/uploads\/2024\/01\/2-12x12.png 12w, https:\/\/blancanunez.com\/wp-content\/uploads\/2024\/01\/2-830x830.png 830w, https:\/\/blancanunez.com\/wp-content\/uploads\/2024\/01\/2-230x230.png 230w, https:\/\/blancanunez.com\/wp-content\/uploads\/2024\/01\/2-350x350.png 350w, https:\/\/blancanunez.com\/wp-content\/uploads\/2024\/01\/2-480x480.png 480w, https:\/\/blancanunez.com\/wp-content\/uploads\/2024\/01\/2-600x600.png 600w, https:\/\/blancanunez.com\/wp-content\/uploads\/2024\/01\/2-100x100.png 100w, https:\/\/blancanunez.com\/wp-content\/uploads\/2024\/01\/2.png 1080w\" sizes=\"(max-width: 768px) 100vw, 768px\" \/>\t\t\t\t\t\t\t\t\t\t\t\t\t\t<\/div>\n\t\t\t\t\t\t<\/div>\n\t\t\t\t<\/div>\n\t\t\t\t<div class=\"elementor-element elementor-element-5944342 elementor-widget elementor-widget-image\" data-id=\"5944342\" data-element_type=\"widget\" data-widget_type=\"image.default\">\n\t\t\t\t<div class=\"elementor-widget-container\">\n\t\t\t\t\t\t\t\t<div class=\"elementor-image\">\n\t\t\t\t\t\t\t\t\t<figure class=\"wp-caption\">\n\t\t\t\t\t\t\t\t\t\t<img decoding=\"async\" width=\"1024\" height=\"1024\" src=\"https:\/\/blancanunez.com\/wp-content\/uploads\/2024\/01\/4-1024x1024.png\" class=\"attachment-large size-large wp-image-1518\" alt=\"\" loading=\"lazy\" srcset=\"https:\/\/blancanunez.com\/wp-content\/uploads\/2024\/01\/4-1024x1024.png 1024w, https:\/\/blancanunez.com\/wp-content\/uploads\/2024\/01\/4-300x300.png 300w, https:\/\/blancanunez.com\/wp-content\/uploads\/2024\/01\/4-150x150.png 150w, https:\/\/blancanunez.com\/wp-content\/uploads\/2024\/01\/4-768x768.png 768w, https:\/\/blancanunez.com\/wp-content\/uploads\/2024\/01\/4-12x12.png 12w, https:\/\/blancanunez.com\/wp-content\/uploads\/2024\/01\/4-830x830.png 830w, https:\/\/blancanunez.com\/wp-content\/uploads\/2024\/01\/4-230x230.png 230w, https:\/\/blancanunez.com\/wp-content\/uploads\/2024\/01\/4-350x350.png 350w, https:\/\/blancanunez.com\/wp-content\/uploads\/2024\/01\/4-480x480.png 480w, https:\/\/blancanunez.com\/wp-content\/uploads\/2024\/01\/4-600x600.png 600w, https:\/\/blancanunez.com\/wp-content\/uploads\/2024\/01\/4-100x100.png 100w, https:\/\/blancanunez.com\/wp-content\/uploads\/2024\/01\/4.png 1080w\" sizes=\"(max-width: 1024px) 100vw, 1024px\" \/>\t\t\t\t\t\t\t\t\t\t\t<figcaption class=\"widget-image-caption wp-caption-text\">*<\/figcaption>\n\t\t\t\t\t\t\t\t\t\t<\/figure>\n\t\t\t\t\t\t\t\t<\/div>\n\t\t\t\t\t\t<\/div>\n\t\t\t\t<\/div>\n\t\t\t\t\t\t<\/div>\n\t\t\t\t\t<\/div>\n\t\t<\/div>\n\t\t\t\t<div class=\"elementor-column elementor-col-50 elementor-top-column elementor-element elementor-element-4ce0128\" data-id=\"4ce0128\" data-element_type=\"column\">\n\t\t\t<div class=\"elementor-column-wrap elementor-element-populated\">\n\t\t\t\t\t\t\t<div class=\"elementor-widget-wrap\">\n\t\t\t\t\t\t<div class=\"elementor-element elementor-element-a6034a2 elementor-widget elementor-widget-image\" data-id=\"a6034a2\" data-element_type=\"widget\" data-widget_type=\"image.default\">\n\t\t\t\t<div class=\"elementor-widget-container\">\n\t\t\t\t\t\t\t\t<div class=\"elementor-image\">\n\t\t\t\t\t\t\t\t\t\t\t\t<img decoding=\"async\" width=\"1024\" height=\"1024\" src=\"https:\/\/blancanunez.com\/wp-content\/uploads\/2024\/01\/3-1024x1024.png\" class=\"attachment-large size-large wp-image-1517\" alt=\"\" loading=\"lazy\" srcset=\"https:\/\/blancanunez.com\/wp-content\/uploads\/2024\/01\/3-1024x1024.png 1024w, https:\/\/blancanunez.com\/wp-content\/uploads\/2024\/01\/3-300x300.png 300w, https:\/\/blancanunez.com\/wp-content\/uploads\/2024\/01\/3-150x150.png 150w, https:\/\/blancanunez.com\/wp-content\/uploads\/2024\/01\/3-768x768.png 768w, https:\/\/blancanunez.com\/wp-content\/uploads\/2024\/01\/3-12x12.png 12w, https:\/\/blancanunez.com\/wp-content\/uploads\/2024\/01\/3-830x830.png 830w, https:\/\/blancanunez.com\/wp-content\/uploads\/2024\/01\/3-230x230.png 230w, https:\/\/blancanunez.com\/wp-content\/uploads\/2024\/01\/3-350x350.png 350w, https:\/\/blancanunez.com\/wp-content\/uploads\/2024\/01\/3-480x480.png 480w, https:\/\/blancanunez.com\/wp-content\/uploads\/2024\/01\/3-600x600.png 600w, https:\/\/blancanunez.com\/wp-content\/uploads\/2024\/01\/3-100x100.png 100w, https:\/\/blancanunez.com\/wp-content\/uploads\/2024\/01\/3.png 1080w\" sizes=\"(max-width: 1024px) 100vw, 1024px\" \/>\t\t\t\t\t\t\t\t\t\t\t\t\t\t<\/div>\n\t\t\t\t\t\t<\/div>\n\t\t\t\t<\/div>\n\t\t\t\t<div class=\"elementor-element elementor-element-895b052 elementor-widget elementor-widget-image\" data-id=\"895b052\" data-element_type=\"widget\" data-widget_type=\"image.default\">\n\t\t\t\t<div class=\"elementor-widget-container\">\n\t\t\t\t\t\t\t\t<div class=\"elementor-image\">\n\t\t\t\t\t\t\t\t\t\t\t\t<img decoding=\"async\" width=\"1024\" height=\"1024\" src=\"https:\/\/blancanunez.com\/wp-content\/uploads\/2024\/01\/5-1024x1024.png\" class=\"attachment-large size-large wp-image-1519\" alt=\"\" loading=\"lazy\" srcset=\"https:\/\/blancanunez.com\/wp-content\/uploads\/2024\/01\/5-1024x1024.png 1024w, https:\/\/blancanunez.com\/wp-content\/uploads\/2024\/01\/5-300x300.png 300w, https:\/\/blancanunez.com\/wp-content\/uploads\/2024\/01\/5-150x150.png 150w, https:\/\/blancanunez.com\/wp-content\/uploads\/2024\/01\/5-768x768.png 768w, https:\/\/blancanunez.com\/wp-content\/uploads\/2024\/01\/5-12x12.png 12w, https:\/\/blancanunez.com\/wp-content\/uploads\/2024\/01\/5-830x830.png 830w, https:\/\/blancanunez.com\/wp-content\/uploads\/2024\/01\/5-230x230.png 230w, https:\/\/blancanunez.com\/wp-content\/uploads\/2024\/01\/5-350x350.png 350w, https:\/\/blancanunez.com\/wp-content\/uploads\/2024\/01\/5-480x480.png 480w, https:\/\/blancanunez.com\/wp-content\/uploads\/2024\/01\/5-600x600.png 600w, https:\/\/blancanunez.com\/wp-content\/uploads\/2024\/01\/5-100x100.png 100w, https:\/\/blancanunez.com\/wp-content\/uploads\/2024\/01\/5.png 1080w\" sizes=\"(max-width: 1024px) 100vw, 1024px\" \/>\t\t\t\t\t\t\t\t\t\t\t\t\t\t<\/div>\n\t\t\t\t\t\t<\/div>\n\t\t\t\t<\/div>\n\t\t\t\t\t\t<\/div>\n\t\t\t\t\t<\/div>\n\t\t<\/div>\n\t\t\t\t\t\t\t\t<\/div>\n\t\t\t\t\t<\/div>\n\t\t<\/section>\n\t\t\t\t<section class=\"elementor-section elementor-top-section elementor-element elementor-element-efd3f1d elementor-section-boxed elementor-section-height-default elementor-section-height-default\" data-id=\"efd3f1d\" data-element_type=\"section\">\n\t\t\t\t\t\t<div class=\"elementor-container elementor-column-gap-default\">\n\t\t\t\t\t\t\t<div class=\"elementor-row\">\n\t\t\t\t\t<div class=\"elementor-column elementor-col-100 elementor-top-column elementor-element elementor-element-0657dc8\" data-id=\"0657dc8\" data-element_type=\"column\">\n\t\t\t<div class=\"elementor-column-wrap elementor-element-populated\">\n\t\t\t\t\t\t\t<div class=\"elementor-widget-wrap\">\n\t\t\t\t\t\t<div class=\"elementor-element elementor-element-a0f8cf7 elementor-widget elementor-widget-text-editor\" data-id=\"a0f8cf7\" data-element_type=\"widget\" data-widget_type=\"text-editor.default\">\n\t\t\t\t<div class=\"elementor-widget-container\">\n\t\t\t\t\t\t\t\t<div class=\"elementor-text-editor elementor-clearfix\">\n\t\t\t\t<p style=\"text-align: left;\">Suchst du das richtige Geschenk f\u00fcr jemanden, dessen Herz f\u00fcr Musik schl\u00e4gt? Vielleicht f\u00fcr dich selbst?<\/p><p style=\"text-align: left;\">Ich biete Unterrichtsgutscheine an, mit einem Umfang von 3 (\u00e0 30 oder 45 Min), 4 (\u00e0 60 Min) oder 8 (\u00e0 45 Min) Unterrichtseinheiten an, in den F\u00e4chern:<\/p><p style=\"text-align: left;\">&#8211; GESANG<br \/>&#8211; GITARRE<br \/>&#8211; KLAVIER<br \/>&#8211; BANDcoaching<br \/>&#8211; Songwriting<br \/>&#8211; Musiktheorie<br \/>&#8211; B\u00fchnenpr\u00e4senz<\/p><p style=\"text-align: left;\">Sprachen: deutsch, spanisch und englisch.<\/p><h5 style=\"text-align: left;\">Interesse? <br \/>Dann melde dich einfach gerne: <a href=\"mailto:contact@blancanunez.com\">contact@blancanunez.com<\/a><\/h5><div>*(Preise g\u00fcltig f\u00fcr Einzelunterricht)<\/div>\t\t\t\t\t<\/div>\n\t\t\t\t\t\t<\/div>\n\t\t\t\t<\/div>\n\t\t\t\t\t\t<\/div>\n\t\t\t\t\t<\/div>\n\t\t<\/div>\n\t\t\t\t\t\t\t\t<\/div>\n\t\t\t\t\t<\/div>\n\t\t<\/section>\n\t\t\t\t\t\t\t\t\t<\/div>\n\t\t\t<\/div>\n\t\t\t\t\t<\/div>","protected":false},"excerpt":{"rendered":"<p>* Suchst du das richtige Geschenk f\u00fcr jemanden, dessen Herz f\u00fcr Musik schl\u00e4gt? Vielleicht f\u00fcr dich selbst? Ich biete Unterrichtsgutscheine an, mit einem Umfang von 3 (\u00e0 30 oder 45 Min), 4 (\u00e0 60 Min) oder 8 (\u00e0 45 Min) Unterrichtseinheiten an, in den F\u00e4chern: &#8211; GESANG&#8211; GITARRE&#8211; KLAVIER&#8211; BANDcoaching&#8211; Songwriting&#8211; Musiktheorie&#8211; B\u00fchnenpr\u00e4senz Sprachen: deutsch, [&hellip;]<\/p>","protected":false},"author":1,"featured_media":0,"parent":0,"menu_order":0,"comment_status":"closed","ping_status":"closed","template":"","meta":[],"_links":{"self":[{"href":"https:\/\/blancanunez.com\/es\/wp-json\/wp\/v2\/pages\/784"}],"collection":[{"href":"https:\/\/blancanunez.com\/es\/wp-json\/wp\/v2\/pages"}],"about":[{"href":"https:\/\/blancanunez.com\/es\/wp-json\/wp\/v2\/types\/page"}],"author":[{"embeddable":true,"href":"https:\/\/blancanunez.com\/es\/wp-json\/wp\/v2\/users\/1"}],"replies":[{"embeddable":true,"href":"https:\/\/blancanunez.com\/es\/wp-json\/wp\/v2\/comments?post=784"}],"version-history":[{"count":75,"href":"https:\/\/blancanunez.com\/es\/wp-json\/wp\/v2\/pages\/784\/revisions"}],"predecessor-version":[{"id":1528,"href":"https:\/\/blancanunez.com\/es\/wp-json\/wp\/v2\/pages\/784\/revisions\/1528"}],"wp:attachment":[{"href":"https:\/\/blancanunez.com\/es\/wp-json\/wp\/v2\/media?parent=784"}],"curies":[{"name":"wp","href":"https:\/\/api.w.org\/{rel}","templated":true}]}}