{"id":707,"date":"2022-03-10T19:53:11","date_gmt":"2022-03-10T19:53:11","guid":{"rendered":"https:\/\/blancanunez.com\/?page_id=707"},"modified":"2024-05-28T12:35:32","modified_gmt":"2024-05-28T12:35:32","slug":"coaching","status":"publish","type":"page","link":"https:\/\/blancanunez.com\/es\/coaching\/","title":{"rendered":"Songwriting Coaching"},"content":{"rendered":"<div data-elementor-type=\"wp-page\" data-elementor-id=\"707\" class=\"elementor elementor-707\">\n\t\t\t\t\t\t<div class=\"elementor-inner\">\n\t\t\t\t<div class=\"elementor-section-wrap\">\n\t\t\t\t\t\t\t\t\t<section class=\"elementor-section elementor-top-section elementor-element elementor-element-9226172 elementor-section-boxed elementor-section-height-default elementor-section-height-default\" data-id=\"9226172\" data-element_type=\"section\">\n\t\t\t\t\t\t<div class=\"elementor-container elementor-column-gap-default\">\n\t\t\t\t\t\t\t<div class=\"elementor-row\">\n\t\t\t\t\t<div class=\"elementor-column elementor-col-100 elementor-top-column elementor-element elementor-element-bcd3ca8\" data-id=\"bcd3ca8\" data-element_type=\"column\">\n\t\t\t<div class=\"elementor-column-wrap elementor-element-populated\">\n\t\t\t\t\t\t\t<div class=\"elementor-widget-wrap\">\n\t\t\t\t\t\t<div class=\"elementor-element elementor-element-f8a3c08 elementor-widget elementor-widget-image\" data-id=\"f8a3c08\" data-element_type=\"widget\" data-widget_type=\"image.default\">\n\t\t\t\t<div class=\"elementor-widget-container\">\n\t\t\t\t\t\t\t\t<div class=\"elementor-image\">\n\t\t\t\t\t\t\t\t\t<figure class=\"wp-caption\">\n\t\t\t\t\t\t\t\t\t\t<img decoding=\"async\" width=\"1063\" height=\"1063\" src=\"https:\/\/blancanunez.com\/wp-content\/uploads\/2024\/05\/philoSONGphie10.png\" class=\"attachment-1536x1536 size-1536x1536 wp-image-1675\" alt=\"\" loading=\"lazy\" srcset=\"https:\/\/blancanunez.com\/wp-content\/uploads\/2024\/05\/philoSONGphie10.png 1063w, https:\/\/blancanunez.com\/wp-content\/uploads\/2024\/05\/philoSONGphie10-300x300.png 300w, https:\/\/blancanunez.com\/wp-content\/uploads\/2024\/05\/philoSONGphie10-1024x1024.png 1024w, https:\/\/blancanunez.com\/wp-content\/uploads\/2024\/05\/philoSONGphie10-150x150.png 150w, https:\/\/blancanunez.com\/wp-content\/uploads\/2024\/05\/philoSONGphie10-768x768.png 768w, https:\/\/blancanunez.com\/wp-content\/uploads\/2024\/05\/philoSONGphie10-12x12.png 12w, https:\/\/blancanunez.com\/wp-content\/uploads\/2024\/05\/philoSONGphie10-830x830.png 830w, https:\/\/blancanunez.com\/wp-content\/uploads\/2024\/05\/philoSONGphie10-230x230.png 230w, https:\/\/blancanunez.com\/wp-content\/uploads\/2024\/05\/philoSONGphie10-350x350.png 350w, https:\/\/blancanunez.com\/wp-content\/uploads\/2024\/05\/philoSONGphie10-480x480.png 480w, https:\/\/blancanunez.com\/wp-content\/uploads\/2024\/05\/philoSONGphie10-600x600.png 600w, https:\/\/blancanunez.com\/wp-content\/uploads\/2024\/05\/philoSONGphie10-100x100.png 100w\" sizes=\"(max-width: 1063px) 100vw, 1063px\" \/>\t\t\t\t\t\t\t\t\t\t\t<figcaption class=\"widget-image-caption wp-caption-text\"><\/figcaption>\n\t\t\t\t\t\t\t\t\t\t<\/figure>\n\t\t\t\t\t\t\t\t<\/div>\n\t\t\t\t\t\t<\/div>\n\t\t\t\t<\/div>\n\t\t\t\t<div class=\"elementor-element elementor-element-7ab329b elementor-widget elementor-widget-text-editor\" data-id=\"7ab329b\" data-element_type=\"widget\" data-widget_type=\"text-editor.default\">\n\t\t\t\t<div class=\"elementor-widget-container\">\n\t\t\t\t\t\t\t\t<div class=\"elementor-text-editor elementor-clearfix\">\n\t\t\t\t<p>Der SONG ist der Kern meines Musiktuns. Der Grund warum ich \u00fcberhaupt Musikerin wurde und warum ich Musik studierte. Mein Ziel ist es schon immer gewesen, den richtigen musikalischen Knoten, die richtige Wendung zu finden, die klanglich das genau ausdr\u00fcckt, was ich f\u00fchle und sagen will.<\/p><p>Neben meinem &#8222;songbasierten&#8220; Unterricht in Gesang, Gitarre, Klavier oder Musiktheorie vermittle ich am Liebsten <strong>meine tiefe Leidenschaft f\u00fcr das Konstrukt &#8222;SONG&#8220; im Fach SONGWRITING<\/strong> (on- sowie offline).<\/p>\t\t\t\t\t<\/div>\n\t\t\t\t\t\t<\/div>\n\t\t\t\t<\/div>\n\t\t\t\t<div class=\"elementor-element elementor-element-281ce2b elementor-widget elementor-widget-heading\" data-id=\"281ce2b\" data-element_type=\"widget\" data-widget_type=\"heading.default\">\n\t\t\t\t<div class=\"elementor-widget-container\">\n\t\t\t<h3 class=\"elementor-heading-title elementor-size-default\">Was machen wir im Unterricht?<\/h3>\t\t<\/div>\n\t\t\t\t<\/div>\n\t\t\t\t\t\t<\/div>\n\t\t\t\t\t<\/div>\n\t\t<\/div>\n\t\t\t\t\t\t\t\t<\/div>\n\t\t\t\t\t<\/div>\n\t\t<\/section>\n\t\t\t\t<section class=\"elementor-section elementor-top-section elementor-element elementor-element-47afd98 elementor-section-boxed elementor-section-height-default elementor-section-height-default\" data-id=\"47afd98\" data-element_type=\"section\">\n\t\t\t\t\t\t<div class=\"elementor-container elementor-column-gap-default\">\n\t\t\t\t\t\t\t<div class=\"elementor-row\">\n\t\t\t\t\t<div class=\"elementor-column elementor-col-33 elementor-top-column elementor-element elementor-element-a8ee851\" data-id=\"a8ee851\" data-element_type=\"column\">\n\t\t\t<div class=\"elementor-column-wrap elementor-element-populated\">\n\t\t\t\t\t\t\t<div class=\"elementor-widget-wrap\">\n\t\t\t\t\t\t<div class=\"elementor-element elementor-element-da8c335 elementor-view-default elementor-widget elementor-widget-icon\" data-id=\"da8c335\" data-element_type=\"widget\" data-widget_type=\"icon.default\">\n\t\t\t\t<div class=\"elementor-widget-container\">\n\t\t\t\t\t<div class=\"elementor-icon-wrapper\">\n\t\t\t<div class=\"elementor-icon\">\n\t\t\t<i aria-hidden=\"true\" class=\"fas fa-headphones-alt\"><\/i>\t\t\t<\/div>\n\t\t<\/div>\n\t\t\t\t<\/div>\n\t\t\t\t<\/div>\n\t\t\t\t<div class=\"elementor-element elementor-element-d275c5b elementor-widget elementor-widget-text-editor\" data-id=\"d275c5b\" data-element_type=\"widget\" data-widget_type=\"text-editor.default\">\n\t\t\t\t<div class=\"elementor-widget-container\">\n\t\t\t\t\t\t\t\t<div class=\"elementor-text-editor elementor-clearfix\">\n\t\t\t\t<p style=\"text-align: center;\"><strong>ZUH\u00d6REN<\/strong><br \/>Wir h\u00f6ren Lieblingssongs gemeinsam zu. Analysieren aus den Gesichtspunkten der Songstruktur, Harmonik, Melodik, Rhythmik, Lyrik, Aufnahmeproduktion, Arrangement, Geschichte&#8230; Wir h\u00f6ren den Song raus, bringen ihn auf Papier (Leadsheet) und spielen\/singen ihn mit Gitarre oder Klavier nach.<\/p>\t\t\t\t\t<\/div>\n\t\t\t\t\t\t<\/div>\n\t\t\t\t<\/div>\n\t\t\t\t\t\t<\/div>\n\t\t\t\t\t<\/div>\n\t\t<\/div>\n\t\t\t\t<div class=\"elementor-column elementor-col-33 elementor-top-column elementor-element elementor-element-9c0061f\" data-id=\"9c0061f\" data-element_type=\"column\">\n\t\t\t<div class=\"elementor-column-wrap elementor-element-populated\">\n\t\t\t\t\t\t\t<div class=\"elementor-widget-wrap\">\n\t\t\t\t\t\t<div class=\"elementor-element elementor-element-161a87a elementor-view-default elementor-widget elementor-widget-icon\" data-id=\"161a87a\" data-element_type=\"widget\" data-widget_type=\"icon.default\">\n\t\t\t\t<div class=\"elementor-widget-container\">\n\t\t\t\t\t<div class=\"elementor-icon-wrapper\">\n\t\t\t<div class=\"elementor-icon\">\n\t\t\t<i aria-hidden=\"true\" class=\"fas fa-theater-masks\"><\/i>\t\t\t<\/div>\n\t\t<\/div>\n\t\t\t\t<\/div>\n\t\t\t\t<\/div>\n\t\t\t\t<div class=\"elementor-element elementor-element-adde912 elementor-widget elementor-widget-text-editor\" data-id=\"adde912\" data-element_type=\"widget\" data-widget_type=\"text-editor.default\">\n\t\t\t\t<div class=\"elementor-widget-container\">\n\t\t\t\t\t\t\t\t<div class=\"elementor-text-editor elementor-clearfix\">\n\t\t\t\t<p style=\"text-align: center;\"><strong>COVERN<\/strong><br \/>Wir haben den Song verstanden und fragen uns, warum er uns ber\u00fchrt. Anhand dessen basteln wir uns unsere ganz eigene Version davon. Verwerten die Elemente, die mit uns zu tun haben. Es wird auseinander genommen, ausprobiert und aufgenommen. Der Song ist f\u00fcr uns da, um ihn zu unserem zu machen.<\/p>\t\t\t\t\t<\/div>\n\t\t\t\t\t\t<\/div>\n\t\t\t\t<\/div>\n\t\t\t\t\t\t<\/div>\n\t\t\t\t\t<\/div>\n\t\t<\/div>\n\t\t\t\t<div class=\"elementor-column elementor-col-33 elementor-top-column elementor-element elementor-element-6bbd776\" data-id=\"6bbd776\" data-element_type=\"column\">\n\t\t\t<div class=\"elementor-column-wrap elementor-element-populated\">\n\t\t\t\t\t\t\t<div class=\"elementor-widget-wrap\">\n\t\t\t\t\t\t<div class=\"elementor-element elementor-element-4b4e23e elementor-view-default elementor-widget elementor-widget-icon\" data-id=\"4b4e23e\" data-element_type=\"widget\" data-widget_type=\"icon.default\">\n\t\t\t\t<div class=\"elementor-widget-container\">\n\t\t\t\t\t<div class=\"elementor-icon-wrapper\">\n\t\t\t<div class=\"elementor-icon\">\n\t\t\t<i aria-hidden=\"true\" class=\"fas fa-pen-fancy\"><\/i>\t\t\t<\/div>\n\t\t<\/div>\n\t\t\t\t<\/div>\n\t\t\t\t<\/div>\n\t\t\t\t<div class=\"elementor-element elementor-element-b98f720 elementor-widget elementor-widget-text-editor\" data-id=\"b98f720\" data-element_type=\"widget\" data-widget_type=\"text-editor.default\">\n\t\t\t\t<div class=\"elementor-widget-container\">\n\t\t\t\t\t\t\t\t<div class=\"elementor-text-editor elementor-clearfix\">\n\t\t\t\t<p style=\"text-align: center;\"><strong>SCHREIBEN<\/strong><br \/>Du bringst deine selbstgeschriebenen Ideen mit. Deine Fragen, Blockaden, Stolpersteine. Ich schlage dir L\u00f6sungen vor und zeige dir Wege, um nachhaltig L\u00f6sungen selbst zu finden. Wir bringen deinen Song auf Papier, denken gemeinsam \u00fcber die Arrangements nach und gehen die Erstellung eines Demos an.<\/p>\t\t\t\t\t<\/div>\n\t\t\t\t\t\t<\/div>\n\t\t\t\t<\/div>\n\t\t\t\t\t\t<\/div>\n\t\t\t\t\t<\/div>\n\t\t<\/div>\n\t\t\t\t\t\t\t\t<\/div>\n\t\t\t\t\t<\/div>\n\t\t<\/section>\n\t\t\t\t<section class=\"elementor-section elementor-top-section elementor-element elementor-element-1fb16ca elementor-section-boxed elementor-section-height-default elementor-section-height-default\" data-id=\"1fb16ca\" data-element_type=\"section\">\n\t\t\t\t\t\t<div class=\"elementor-container elementor-column-gap-default\">\n\t\t\t\t\t\t\t<div class=\"elementor-row\">\n\t\t\t\t\t<div class=\"elementor-column elementor-col-100 elementor-top-column elementor-element elementor-element-ccceb75\" data-id=\"ccceb75\" data-element_type=\"column\">\n\t\t\t<div class=\"elementor-column-wrap elementor-element-populated\">\n\t\t\t\t\t\t\t<div class=\"elementor-widget-wrap\">\n\t\t\t\t\t\t<div class=\"elementor-element elementor-element-1909f34 elementor-widget elementor-widget-heading\" data-id=\"1909f34\" data-element_type=\"widget\" data-widget_type=\"heading.default\">\n\t\t\t\t<div class=\"elementor-widget-container\">\n\t\t\t<p class=\"elementor-heading-title elementor-size-default\">Blanca N\u00fa\u00f1ez Ruiz<br>(Dipl. Jazzs\u00e4ngerin, Komponistin u. Multiinstrumentalistin)<\/p>\t\t<\/div>\n\t\t\t\t<\/div>\n\t\t\t\t<div class=\"elementor-element elementor-element-d351e0a elementor-align-justify elementor-widget elementor-widget-button\" data-id=\"d351e0a\" data-element_type=\"widget\" data-widget_type=\"button.default\">\n\t\t\t\t<div class=\"elementor-widget-container\">\n\t\t\t\t\t<div class=\"elementor-button-wrapper\">\n\t\t\t<a href=\"https:\/\/blancanunez.com\/es\/preise\/\" class=\"elementor-button-link elementor-button elementor-size-sm\" role=\"button\">\n\t\t\t\t\t\t<span class=\"elementor-button-content-wrapper\">\n\t\t\t\t\t\t<span class=\"elementor-button-text\">Preise und Infos<\/span>\n\t\t<\/span>\n\t\t\t\t\t<\/a>\n\t\t<\/div>\n\t\t\t\t<\/div>\n\t\t\t\t<\/div>\n\t\t\t\t<div class=\"elementor-element elementor-element-c4c55a0 elementor-widget elementor-widget-heading\" data-id=\"c4c55a0\" data-element_type=\"widget\" data-widget_type=\"heading.default\">\n\t\t\t\t<div class=\"elementor-widget-container\">\n\t\t\t<h2 class=\"elementor-heading-title elementor-size-default\">Interesse?<\/h2>\t\t<\/div>\n\t\t\t\t<\/div>\n\t\t\t\t\t\t<\/div>\n\t\t\t\t\t<\/div>\n\t\t<\/div>\n\t\t\t\t\t\t\t\t<\/div>\n\t\t\t\t\t<\/div>\n\t\t<\/section>\n\t\t\t\t<section class=\"elementor-section elementor-top-section elementor-element elementor-element-c91d98e elementor-section-boxed elementor-section-height-default elementor-section-height-default\" data-id=\"c91d98e\" data-element_type=\"section\">\n\t\t\t\t\t\t<div class=\"elementor-container elementor-column-gap-default\">\n\t\t\t\t\t\t\t<div class=\"elementor-row\">\n\t\t\t\t\t<div class=\"elementor-column elementor-col-100 elementor-top-column elementor-element elementor-element-6ba7a59\" data-id=\"6ba7a59\" data-element_type=\"column\">\n\t\t\t<div class=\"elementor-column-wrap elementor-element-populated\">\n\t\t\t\t\t\t\t<div class=\"elementor-widget-wrap\">\n\t\t\t\t\t\t<div class=\"elementor-element elementor-element-163ed67 elementor-widget elementor-widget-text-editor\" data-id=\"163ed67\" data-element_type=\"widget\" data-widget_type=\"text-editor.default\">\n\t\t\t\t<div class=\"elementor-widget-container\">\n\t\t\t\t\t\t\t\t<div class=\"elementor-text-editor elementor-clearfix\">\n\t\t\t\t<p>Dann melde dich gerne unter <a href=\"mailto:contact@blancanunez.com\">contact@blancanunez.com<\/a>.<\/p>\t\t\t\t\t<\/div>\n\t\t\t\t\t\t<\/div>\n\t\t\t\t<\/div>\n\t\t\t\t\t\t<\/div>\n\t\t\t\t\t<\/div>\n\t\t<\/div>\n\t\t\t\t\t\t\t\t<\/div>\n\t\t\t\t\t<\/div>\n\t\t<\/section>\n\t\t\t\t<section class=\"elementor-section elementor-top-section elementor-element elementor-element-18219e4 elementor-section-boxed elementor-section-height-default elementor-section-height-default\" data-id=\"18219e4\" data-element_type=\"section\">\n\t\t\t\t\t\t<div class=\"elementor-container elementor-column-gap-default\">\n\t\t\t\t\t\t\t<div class=\"elementor-row\">\n\t\t\t\t\t<div class=\"elementor-column elementor-col-100 elementor-top-column elementor-element elementor-element-c414afe\" data-id=\"c414afe\" data-element_type=\"column\">\n\t\t\t<div class=\"elementor-column-wrap elementor-element-populated\">\n\t\t\t\t\t\t\t<div class=\"elementor-widget-wrap\">\n\t\t\t\t\t\t<div class=\"elementor-element elementor-element-01f7d7d elementor-widget elementor-widget-image\" data-id=\"01f7d7d\" data-element_type=\"widget\" data-widget_type=\"image.default\">\n\t\t\t\t<div class=\"elementor-widget-container\">\n\t\t\t\t\t\t\t\t<div class=\"elementor-image\">\n\t\t\t\t\t\t\t\t\t<figure class=\"wp-caption\">\n\t\t\t\t\t\t\t\t\t\t<img decoding=\"async\" width=\"1024\" height=\"683\" src=\"https:\/\/blancanunez.com\/wp-content\/uploads\/2022\/03\/074A2799_pp-1024x683.jpg\" class=\"attachment-large size-large wp-image-721\" alt=\"\" loading=\"lazy\" srcset=\"https:\/\/blancanunez.com\/wp-content\/uploads\/2022\/03\/074A2799_pp-1024x683.jpg 1024w, https:\/\/blancanunez.com\/wp-content\/uploads\/2022\/03\/074A2799_pp-300x200.jpg 300w, https:\/\/blancanunez.com\/wp-content\/uploads\/2022\/03\/074A2799_pp-768x512.jpg 768w, https:\/\/blancanunez.com\/wp-content\/uploads\/2022\/03\/074A2799_pp-1536x1024.jpg 1536w, https:\/\/blancanunez.com\/wp-content\/uploads\/2022\/03\/074A2799_pp-2048x1365.jpg 2048w, https:\/\/blancanunez.com\/wp-content\/uploads\/2022\/03\/074A2799_pp-18x12.jpg 18w, https:\/\/blancanunez.com\/wp-content\/uploads\/2022\/03\/074A2799_pp-830x553.jpg 830w, https:\/\/blancanunez.com\/wp-content\/uploads\/2022\/03\/074A2799_pp-230x153.jpg 230w, https:\/\/blancanunez.com\/wp-content\/uploads\/2022\/03\/074A2799_pp-350x233.jpg 350w, https:\/\/blancanunez.com\/wp-content\/uploads\/2022\/03\/074A2799_pp-480x320.jpg 480w, https:\/\/blancanunez.com\/wp-content\/uploads\/2022\/03\/074A2799_pp-600x400.jpg 600w\" sizes=\"(max-width: 1024px) 100vw, 1024px\" \/>\t\t\t\t\t\t\t\t\t\t\t<figcaption class=\"widget-image-caption wp-caption-text\">Foto: Nelah aus dem Moore, 2021<\/figcaption>\n\t\t\t\t\t\t\t\t\t\t<\/figure>\n\t\t\t\t\t\t\t\t<\/div>\n\t\t\t\t\t\t<\/div>\n\t\t\t\t<\/div>\n\t\t\t\t\t\t<\/div>\n\t\t\t\t\t<\/div>\n\t\t<\/div>\n\t\t\t\t\t\t\t\t<\/div>\n\t\t\t\t\t<\/div>\n\t\t<\/section>\n\t\t\t\t\t\t\t\t\t<\/div>\n\t\t\t<\/div>\n\t\t\t\t\t<\/div>","protected":false},"excerpt":{"rendered":"<p>Der SONG ist der Kern meines Musiktuns. Der Grund warum ich \u00fcberhaupt Musikerin wurde und warum ich Musik studierte. Mein Ziel ist es schon immer gewesen, den richtigen musikalischen Knoten, die richtige Wendung zu finden, die klanglich das genau ausdr\u00fcckt, was ich f\u00fchle und sagen will. Neben meinem &#8222;songbasierten&#8220; Unterricht in Gesang, Gitarre, Klavier oder [&hellip;]<\/p>","protected":false},"author":1,"featured_media":0,"parent":0,"menu_order":0,"comment_status":"closed","ping_status":"closed","template":"","meta":[],"_links":{"self":[{"href":"https:\/\/blancanunez.com\/es\/wp-json\/wp\/v2\/pages\/707"}],"collection":[{"href":"https:\/\/blancanunez.com\/es\/wp-json\/wp\/v2\/pages"}],"about":[{"href":"https:\/\/blancanunez.com\/es\/wp-json\/wp\/v2\/types\/page"}],"author":[{"embeddable":true,"href":"https:\/\/blancanunez.com\/es\/wp-json\/wp\/v2\/users\/1"}],"replies":[{"embeddable":true,"href":"https:\/\/blancanunez.com\/es\/wp-json\/wp\/v2\/comments?post=707"}],"version-history":[{"count":65,"href":"https:\/\/blancanunez.com\/es\/wp-json\/wp\/v2\/pages\/707\/revisions"}],"predecessor-version":[{"id":1678,"href":"https:\/\/blancanunez.com\/es\/wp-json\/wp\/v2\/pages\/707\/revisions\/1678"}],"wp:attachment":[{"href":"https:\/\/blancanunez.com\/es\/wp-json\/wp\/v2\/media?parent=707"}],"curies":[{"name":"wp","href":"https:\/\/api.w.org\/{rel}","templated":true}]}}