{"id":667,"date":"2021-08-26T15:24:58","date_gmt":"2021-08-26T15:24:58","guid":{"rendered":"https:\/\/blancanunez.com\/?page_id=667"},"modified":"2023-07-07T07:23:30","modified_gmt":"2023-07-07T07:23:30","slug":"for-events","status":"publish","type":"page","link":"https:\/\/blancanunez.com\/es\/for-events\/","title":{"rendered":"Music for Events"},"content":{"rendered":"<div data-elementor-type=\"wp-page\" data-elementor-id=\"667\" class=\"elementor elementor-667\">\n\t\t\t\t\t\t<div class=\"elementor-inner\">\n\t\t\t\t<div class=\"elementor-section-wrap\">\n\t\t\t\t\t\t\t\t\t<section class=\"elementor-section elementor-top-section elementor-element elementor-element-517c4a0 elementor-section-boxed elementor-section-height-default elementor-section-height-default\" data-id=\"517c4a0\" data-element_type=\"section\">\n\t\t\t\t\t\t<div class=\"elementor-container elementor-column-gap-default\">\n\t\t\t\t\t\t\t<div class=\"elementor-row\">\n\t\t\t\t\t<div class=\"elementor-column elementor-col-100 elementor-top-column elementor-element elementor-element-db4b724\" data-id=\"db4b724\" data-element_type=\"column\">\n\t\t\t<div class=\"elementor-column-wrap elementor-element-populated\">\n\t\t\t\t\t\t\t<div class=\"elementor-widget-wrap\">\n\t\t\t\t\t\t<div class=\"elementor-element elementor-element-2706ffa elementor-widget elementor-widget-video\" data-id=\"2706ffa\" data-element_type=\"widget\" data-settings=\"{&quot;youtube_url&quot;:&quot;https:\\\/\\\/youtu.be\\\/D4I6pID2R-4&quot;,&quot;video_type&quot;:&quot;youtube&quot;,&quot;controls&quot;:&quot;yes&quot;}\" data-widget_type=\"video.default\">\n\t\t\t\t<div class=\"elementor-widget-container\">\n\t\t\t\t\t<div class=\"elementor-wrapper elementor-open-inline\">\n\t\t\t<div class=\"elementor-video\"><\/div>\t\t<\/div>\n\t\t\t\t<\/div>\n\t\t\t\t<\/div>\n\t\t\t\t\t\t<\/div>\n\t\t\t\t\t<\/div>\n\t\t<\/div>\n\t\t\t\t\t\t\t\t<\/div>\n\t\t\t\t\t<\/div>\n\t\t<\/section>\n\t\t\t\t<section class=\"elementor-section elementor-top-section elementor-element elementor-element-6882cc42 elementor-section-boxed elementor-section-height-default elementor-section-height-default\" data-id=\"6882cc42\" data-element_type=\"section\">\n\t\t\t\t\t\t<div class=\"elementor-container elementor-column-gap-default\">\n\t\t\t\t\t\t\t<div class=\"elementor-row\">\n\t\t\t\t\t<div class=\"elementor-column elementor-col-100 elementor-top-column elementor-element elementor-element-2d820d7e\" data-id=\"2d820d7e\" data-element_type=\"column\">\n\t\t\t<div class=\"elementor-column-wrap elementor-element-populated\">\n\t\t\t\t\t\t\t<div class=\"elementor-widget-wrap\">\n\t\t\t\t\t\t<div class=\"elementor-element elementor-element-c5831ef elementor-widget elementor-widget-text-editor\" data-id=\"c5831ef\" data-element_type=\"widget\" data-widget_type=\"text-editor.default\">\n\t\t\t\t<div class=\"elementor-widget-container\">\n\t\t\t\t\t\t\t\t<div class=\"elementor-text-editor elementor-clearfix\">\n\t\t\t\t<p><!-- wp:paragraph --><\/p>\n<p>Ich begleite Deutschlandweit Events aller Art. Ob <strong>Hochzeit<\/strong> (Trauung, Sektempfang, Dinner), <strong>Trauerfeier<\/strong>, <strong>Geburtstag<\/strong> oder <strong>Betriebsfeier<\/strong>, konzertantisch oder als musikalische Untermalung das Programm wird an Stilistik, Pr\u00e4senz und Lautst\u00e4rke der jeweiligen Situation feinf\u00fchlig angepasst.<\/p>\n<p><!-- \/wp:paragraph --><!-- wp:paragraph --><\/p>\n<p style=\"text-align: left;\">Mein Repertoire beinhaltet bekannte Titeln mit Texten auf <strong>Englisch<\/strong>, <strong>Deutsch<\/strong>, <strong>Spanisch<\/strong>, <strong>Portugiesisch<\/strong>, Katalanisch und auch mal <strong>Italienisch<\/strong> und streckt sich stilistisch von <strong>Jazz<\/strong> bis hin zu <strong>Pop<\/strong>, <strong>Folk<\/strong>, <strong>Latin<\/strong> und zu <strong>eigenen Kompositionen<\/strong> mit spanischen Texten. In meiner Art zu musizieren findet das Element Improvisation eine wichtige Rolle. Sowohl musikalisch als auch im Laufe einer Veranstaltung mit ihren unvorhersehbaren Details, bleibe ich ansprechbar und flexibel, um die gew\u00fcnschte Atmosph\u00e4re des Events zu unterst\u00fctzen.<\/p>\n<p><!-- \/wp:paragraph --><!-- wp:paragraph --><\/p>\n<p style=\"text-align: left;\">Ich <strong>singe<\/strong> und begleite mich selbst an <strong>Klavier<\/strong> und\/oder <strong>Gitarre<\/strong>, bin mobil und bringe das gesamte technische Equipment mit. Meine minimale SOLO Besetzung l\u00e4sst sich durch ein Netzwerk an virtuosen Kollegen auch auf DUO, TRIO, QUARTETT oder QUINTETT ausstrecken, in verschiedenen Kombinationen (z.B. Gesang\/Piano\/Git + Kontrabass oder Gesang\/Piano\/Git + Klarinette\/Saxophon).<\/p>\n<p><!-- \/wp:paragraph --><!-- wp:paragraph --><\/p>\n<p style=\"text-align: left;\">Sprechen Sie mich gerne an!<\/p>\n<p><!-- \/wp:paragraph --><!-- wp:ninja-forms\/form {\"formID\":1,\"formName\":\"Contact Me ( ID: 1 )\"} --><\/p>\n<div class=\"wp-block-ninja-forms-form\" style=\"text-align: left;\"><a href=\"mailto:contact@blancanunez.com\">contact@blancanunez.com<\/a><\/div>\n<p><!-- \/wp:ninja-forms\/form --><\/p>\t\t\t\t\t<\/div>\n\t\t\t\t\t\t<\/div>\n\t\t\t\t<\/div>\n\t\t\t\t<div class=\"elementor-element elementor-element-128a7a2 elementor-widget elementor-widget-image\" data-id=\"128a7a2\" data-element_type=\"widget\" data-widget_type=\"image.default\">\n\t\t\t\t<div class=\"elementor-widget-container\">\n\t\t\t\t\t\t\t\t<div class=\"elementor-image\">\n\t\t\t\t\t\t\t\t\t<figure class=\"wp-caption\">\n\t\t\t\t\t\t\t\t\t\t<img decoding=\"async\" width=\"1024\" height=\"681\" src=\"https:\/\/blancanunez.com\/wp-content\/uploads\/2021\/08\/GZ6_1789-1024x681.jpg\" class=\"attachment-large size-large wp-image-685\" alt=\"\u00a9 J\u00fcrgen Domscheit\" loading=\"lazy\" srcset=\"https:\/\/blancanunez.com\/wp-content\/uploads\/2021\/08\/GZ6_1789-1024x681.jpg 1024w, https:\/\/blancanunez.com\/wp-content\/uploads\/2021\/08\/GZ6_1789-300x200.jpg 300w, https:\/\/blancanunez.com\/wp-content\/uploads\/2021\/08\/GZ6_1789-768x511.jpg 768w, https:\/\/blancanunez.com\/wp-content\/uploads\/2021\/08\/GZ6_1789-1536x1022.jpg 1536w, https:\/\/blancanunez.com\/wp-content\/uploads\/2021\/08\/GZ6_1789-2048x1363.jpg 2048w, https:\/\/blancanunez.com\/wp-content\/uploads\/2021\/08\/GZ6_1789-830x552.jpg 830w, https:\/\/blancanunez.com\/wp-content\/uploads\/2021\/08\/GZ6_1789-230x153.jpg 230w, https:\/\/blancanunez.com\/wp-content\/uploads\/2021\/08\/GZ6_1789-350x233.jpg 350w, https:\/\/blancanunez.com\/wp-content\/uploads\/2021\/08\/GZ6_1789-480x319.jpg 480w, https:\/\/blancanunez.com\/wp-content\/uploads\/2021\/08\/GZ6_1789-600x399.jpg 600w\" sizes=\"(max-width: 1024px) 100vw, 1024px\" \/>\t\t\t\t\t\t\t\t\t\t\t<figcaption class=\"widget-image-caption wp-caption-text\">\u00a9 J\u00fcrgen Domscheit<\/figcaption>\n\t\t\t\t\t\t\t\t\t\t<\/figure>\n\t\t\t\t\t\t\t\t<\/div>\n\t\t\t\t\t\t<\/div>\n\t\t\t\t<\/div>\n\t\t\t\t\t\t<\/div>\n\t\t\t\t\t<\/div>\n\t\t<\/div>\n\t\t\t\t\t\t\t\t<\/div>\n\t\t\t\t\t<\/div>\n\t\t<\/section>\n\t\t\t\t\t\t\t\t\t<\/div>\n\t\t\t<\/div>\n\t\t\t\t\t<\/div>","protected":false},"excerpt":{"rendered":"<p>https:\/\/youtu.be\/D4I6pID2R-4 Ich begleite Deutschlandweit Events aller Art. Ob Hochzeit (Trauung, Sektempfang, Dinner), Trauerfeier, Geburtstag oder Betriebsfeier, konzertantisch oder als musikalische Untermalung das Programm wird an Stilistik, Pr\u00e4senz und Lautst\u00e4rke der jeweiligen Situation feinf\u00fchlig angepasst. Mein Repertoire beinhaltet bekannte Titeln mit Texten auf Englisch, Deutsch, Spanisch, Portugiesisch, Katalanisch und auch mal Italienisch und streckt sich stilistisch [&hellip;]<\/p>","protected":false},"author":1,"featured_media":0,"parent":0,"menu_order":0,"comment_status":"closed","ping_status":"closed","template":"","meta":[],"_links":{"self":[{"href":"https:\/\/blancanunez.com\/es\/wp-json\/wp\/v2\/pages\/667"}],"collection":[{"href":"https:\/\/blancanunez.com\/es\/wp-json\/wp\/v2\/pages"}],"about":[{"href":"https:\/\/blancanunez.com\/es\/wp-json\/wp\/v2\/types\/page"}],"author":[{"embeddable":true,"href":"https:\/\/blancanunez.com\/es\/wp-json\/wp\/v2\/users\/1"}],"replies":[{"embeddable":true,"href":"https:\/\/blancanunez.com\/es\/wp-json\/wp\/v2\/comments?post=667"}],"version-history":[{"count":15,"href":"https:\/\/blancanunez.com\/es\/wp-json\/wp\/v2\/pages\/667\/revisions"}],"predecessor-version":[{"id":1114,"href":"https:\/\/blancanunez.com\/es\/wp-json\/wp\/v2\/pages\/667\/revisions\/1114"}],"wp:attachment":[{"href":"https:\/\/blancanunez.com\/es\/wp-json\/wp\/v2\/media?parent=667"}],"curies":[{"name":"wp","href":"https:\/\/api.w.org\/{rel}","templated":true}]}}