{"id":595,"date":"2020-08-05T10:16:18","date_gmt":"2020-08-05T10:16:18","guid":{"rendered":"https:\/\/blancanunez.com\/?page_id=595"},"modified":"2020-08-30T08:20:17","modified_gmt":"2020-08-30T08:20:17","slug":"reviews","status":"publish","type":"page","link":"https:\/\/blancanunez.com\/es\/reviews\/","title":{"rendered":"Reviews &#8222;En Tierra&#8220;"},"content":{"rendered":"<div data-elementor-type=\"wp-page\" data-elementor-id=\"595\" class=\"elementor elementor-595\">\n\t\t\t\t\t\t<div class=\"elementor-inner\">\n\t\t\t\t<div class=\"elementor-section-wrap\">\n\t\t\t\t\t\t\t\t\t<section class=\"elementor-section elementor-top-section elementor-element elementor-element-ce8f7b1 elementor-section-boxed elementor-section-height-default elementor-section-height-default\" data-id=\"ce8f7b1\" data-element_type=\"section\">\n\t\t\t\t\t\t<div class=\"elementor-container elementor-column-gap-default\">\n\t\t\t\t\t\t\t<div class=\"elementor-row\">\n\t\t\t\t\t<div class=\"elementor-column elementor-col-100 elementor-top-column elementor-element elementor-element-8d9d5d7\" data-id=\"8d9d5d7\" data-element_type=\"column\">\n\t\t\t<div class=\"elementor-column-wrap elementor-element-populated\">\n\t\t\t\t\t\t\t<div class=\"elementor-widget-wrap\">\n\t\t\t\t\t\t<div class=\"elementor-element elementor-element-538b9fb elementor-widget elementor-widget-text-editor\" data-id=\"538b9fb\" data-element_type=\"widget\" data-widget_type=\"text-editor.default\">\n\t\t\t\t<div class=\"elementor-widget-container\">\n\t\t\t\t\t\t\t\t<div class=\"elementor-text-editor elementor-clearfix\">\n\t\t\t\t<p>Vor fast 20 Jahren verlie\u00df Blanca N\u00fa\u00f1ez ihr Heimatland. Aus den letzten 20 Jahren (2000\u20132018) stammen auch die Lieder auf diesem Album \u2013 das leichte Gep\u00e4ck einer Reisenden zwischen Spanien und Deutschland. \u201eSongs sind Koffer\u201c, sagt sie, \u201eaufblasbare Schl\u00f6sser oder aufklappbare Strandzelte, unsichtbare, portable Orte.\u201c Die 38-J\u00e4hrige hat eine angenehme, ungek\u00fcnstelte Singstimme. Ihre Melodien sind klar, direkt, fassbar \u2013 und Spanisch ist eine wunderbare Sprache f\u00fcr Vokalisten. Man k\u00f6nnte sich diese zwei Handvoll Lieder in sehr verschiedenen Arrangements vorstellen: folkloristisch, poppig, rockig, sogar klassisch. N\u00fa\u00f1ez\u2018 Band gibt ihnen jedoch einen ganz eigenen Zauber, umrahmt sie mit Jazzdeutungen, harmonischen Erweiterungen und klugen Einf\u00e4llen. Vor allem Norman Peplow am Piano, zugleich der Hauptarrangeur, \u00f6ffnet die Songs f\u00fcr andere Klangwelten. Akzente setzen auch Julian Bossert an drei Blasinstrumenten und Alfonso Garrido an Trommeln aller Art.<\/p><div><dl><dt>(Hans-J\u00fcrgen Schaal, <a href=\"https:\/\/www.jazzthing.de\/review\/bianca-nunez-quinteto-en-tierra\/\">Jazz thing 135<\/a>)<\/dt><\/dl><\/div>\t\t\t\t\t<\/div>\n\t\t\t\t\t\t<\/div>\n\t\t\t\t<\/div>\n\t\t\t\t<div class=\"elementor-element elementor-element-8017665 elementor-widget-divider--view-line elementor-widget elementor-widget-divider\" data-id=\"8017665\" data-element_type=\"widget\" data-widget_type=\"divider.default\">\n\t\t\t\t<div class=\"elementor-widget-container\">\n\t\t\t\t\t<div class=\"elementor-divider\">\n\t\t\t<span class=\"elementor-divider-separator\">\n\t\t\t\t\t\t<\/span>\n\t\t<\/div>\n\t\t\t\t<\/div>\n\t\t\t\t<\/div>\n\t\t\t\t\t\t<\/div>\n\t\t\t\t\t<\/div>\n\t\t<\/div>\n\t\t\t\t\t\t\t\t<\/div>\n\t\t\t\t\t<\/div>\n\t\t<\/section>\n\t\t\t\t<section class=\"elementor-section elementor-top-section elementor-element elementor-element-af3b96a elementor-section-boxed elementor-section-height-default elementor-section-height-default\" data-id=\"af3b96a\" data-element_type=\"section\">\n\t\t\t\t\t\t<div class=\"elementor-container elementor-column-gap-default\">\n\t\t\t\t\t\t\t<div class=\"elementor-row\">\n\t\t\t\t\t<div class=\"elementor-column elementor-col-100 elementor-top-column elementor-element elementor-element-47a81a6\" data-id=\"47a81a6\" data-element_type=\"column\">\n\t\t\t<div class=\"elementor-column-wrap elementor-element-populated\">\n\t\t\t\t\t\t\t<div class=\"elementor-widget-wrap\">\n\t\t\t\t\t\t<div class=\"elementor-element elementor-element-3441ac3 elementor-widget elementor-widget-text-editor\" data-id=\"3441ac3\" data-element_type=\"widget\" data-widget_type=\"text-editor.default\">\n\t\t\t\t<div class=\"elementor-widget-container\">\n\t\t\t\t\t\t\t\t<div class=\"elementor-text-editor elementor-clearfix\">\n\t\t\t\t<p>&#8222;A record about home from a world wide wanderer who calls music her home,<br \/>a home that has never let her down. Certainly a world jazz date that<br \/>mixmasters modes with skill and style, you might never know exactly<br \/>where you are, but you always feel like you&#8217;re in the right place. One<br \/>of those low key, unassuming dates that always has the right vibe and<br \/>feel, this is one of those quiet gassers that&#8217;s hard to put down.<br \/>Well done.&#8220;<\/p><p><strong>(Chris Spector, <a href=\"http:\/\/midwestrecord.com\/MWR1663.html\">Midwest Record 06\/05\/20<\/a>)<\/strong><\/p>\t\t\t\t\t<\/div>\n\t\t\t\t\t\t<\/div>\n\t\t\t\t<\/div>\n\t\t\t\t\t\t<\/div>\n\t\t\t\t\t<\/div>\n\t\t<\/div>\n\t\t\t\t\t\t\t\t<\/div>\n\t\t\t\t\t<\/div>\n\t\t<\/section>\n\t\t\t\t<section class=\"elementor-section elementor-top-section elementor-element elementor-element-3f14b85 elementor-section-boxed elementor-section-height-default elementor-section-height-default\" data-id=\"3f14b85\" data-element_type=\"section\">\n\t\t\t\t\t\t<div class=\"elementor-container elementor-column-gap-default\">\n\t\t\t\t\t\t\t<div class=\"elementor-row\">\n\t\t\t\t\t<div class=\"elementor-column elementor-col-100 elementor-top-column elementor-element elementor-element-6649c54\" data-id=\"6649c54\" data-element_type=\"column\">\n\t\t\t<div class=\"elementor-column-wrap elementor-element-populated\">\n\t\t\t\t\t\t\t<div class=\"elementor-widget-wrap\">\n\t\t\t\t\t\t<div class=\"elementor-element elementor-element-c6b59e1 elementor-widget-divider--view-line elementor-widget elementor-widget-divider\" data-id=\"c6b59e1\" data-element_type=\"widget\" data-widget_type=\"divider.default\">\n\t\t\t\t<div class=\"elementor-widget-container\">\n\t\t\t\t\t<div class=\"elementor-divider\">\n\t\t\t<span class=\"elementor-divider-separator\">\n\t\t\t\t\t\t<\/span>\n\t\t<\/div>\n\t\t\t\t<\/div>\n\t\t\t\t<\/div>\n\t\t\t\t<div class=\"elementor-element elementor-element-7130d18 elementor-widget elementor-widget-text-editor\" data-id=\"7130d18\" data-element_type=\"widget\" data-widget_type=\"text-editor.default\">\n\t\t\t\t<div class=\"elementor-widget-container\">\n\t\t\t\t\t\t\t\t<div class=\"elementor-text-editor elementor-clearfix\">\n\t\t\t\t<p>&#8222;&#8230; mit ihrem <b>Quinteto<\/b> hat sie eine sehr lebhafte und abwechslungsreiche Platte mit <i>En Tierra<\/i><br \/>eingespielt. Dieser Jazz hat einen multikulturellen Anstrich, hier<br \/>flie\u00dfen Folklore und Pop und Latin mit Jazz zu einer geschmeidigen<br \/>Fusion zusammen (&#8230;)<\/p><p>Diese Geschmeidigkeit streichelt die Seele, wirkt positiv und<br \/>erheiternd, birgt aber gleichwohl melancholische, vertr\u00e4umte und<br \/>nachdenklich gepr\u00e4gte Momente von zarter Sch\u00f6nheit, und daf\u00fcr sorgen die<br \/>jeweiligen Solisten mit hoher \u00dcberzeugungs- und Darstellungskraft. Als<br \/>Beispiel nenne ich hier den Einsatz von Julian Bossert am Saxofon beim<br \/>Titelsong, er kleidet den Song mit viel Feingef\u00fchl und Emotion blendend<br \/>aus.<\/p><p>Dieser Jazz wirkt nat\u00fcrlich, wirkt menschlich, nie verkopft, sondern aus<br \/>der Tiefe der Seele f\u00fcr die Seele. Wesentlicher Bestandteil ist<br \/>nat\u00fcrlich der warme, z\u00e4rtliche und weiche Gesang der Protagonistin. Zwar<br \/>ist dieser nicht vorrangig typischer Jazz-Gesang, gleichwohl davon<br \/>gepr\u00e4gt und die Freir\u00e4ume dieser Musik nutzend. Doch k\u00f6nnte sich <b>Blanca N\u00fa\u00f1ez<\/b><br \/>durchaus auch gut im Bereich der Folklore oder des Folk Rocks bewegen.<br \/>Das wird dann auch unterstrichen in jenen Songs, in denen sie selbst<br \/>akustische Gitarre spielt.&#8220;<\/p><p>(Wolfgang Giese, <a href=\"https:\/\/www.musikansich.de\/review.php?id=21290\">Musik an sich<\/a>)<\/p>\t\t\t\t\t<\/div>\n\t\t\t\t\t\t<\/div>\n\t\t\t\t<\/div>\n\t\t\t\t<div class=\"elementor-element elementor-element-84bcbac elementor-widget-divider--view-line elementor-widget elementor-widget-divider\" data-id=\"84bcbac\" data-element_type=\"widget\" data-widget_type=\"divider.default\">\n\t\t\t\t<div class=\"elementor-widget-container\">\n\t\t\t\t\t<div class=\"elementor-divider\">\n\t\t\t<span class=\"elementor-divider-separator\">\n\t\t\t\t\t\t<\/span>\n\t\t<\/div>\n\t\t\t\t<\/div>\n\t\t\t\t<\/div>\n\t\t\t\t\t\t<\/div>\n\t\t\t\t\t<\/div>\n\t\t<\/div>\n\t\t\t\t\t\t\t\t<\/div>\n\t\t\t\t\t<\/div>\n\t\t<\/section>\n\t\t\t\t\t\t\t\t\t<\/div>\n\t\t\t<\/div>\n\t\t\t\t\t<\/div>","protected":false},"excerpt":{"rendered":"<p>Vor fast 20 Jahren verlie\u00df Blanca N\u00fa\u00f1ez ihr Heimatland. Aus den letzten 20 Jahren (2000\u20132018) stammen auch die Lieder auf diesem Album \u2013 das leichte Gep\u00e4ck einer Reisenden zwischen Spanien und Deutschland. \u201eSongs sind Koffer\u201c, sagt sie, \u201eaufblasbare Schl\u00f6sser oder aufklappbare Strandzelte, unsichtbare, portable Orte.\u201c Die 38-J\u00e4hrige hat eine angenehme, ungek\u00fcnstelte Singstimme. Ihre Melodien sind [&hellip;]<\/p>","protected":false},"author":1,"featured_media":0,"parent":0,"menu_order":0,"comment_status":"closed","ping_status":"closed","template":"","meta":[],"_links":{"self":[{"href":"https:\/\/blancanunez.com\/es\/wp-json\/wp\/v2\/pages\/595"}],"collection":[{"href":"https:\/\/blancanunez.com\/es\/wp-json\/wp\/v2\/pages"}],"about":[{"href":"https:\/\/blancanunez.com\/es\/wp-json\/wp\/v2\/types\/page"}],"author":[{"embeddable":true,"href":"https:\/\/blancanunez.com\/es\/wp-json\/wp\/v2\/users\/1"}],"replies":[{"embeddable":true,"href":"https:\/\/blancanunez.com\/es\/wp-json\/wp\/v2\/comments?post=595"}],"version-history":[{"count":6,"href":"https:\/\/blancanunez.com\/es\/wp-json\/wp\/v2\/pages\/595\/revisions"}],"predecessor-version":[{"id":633,"href":"https:\/\/blancanunez.com\/es\/wp-json\/wp\/v2\/pages\/595\/revisions\/633"}],"wp:attachment":[{"href":"https:\/\/blancanunez.com\/es\/wp-json\/wp\/v2\/media?parent=595"}],"curies":[{"name":"wp","href":"https:\/\/api.w.org\/{rel}","templated":true}]}}