{"id":56,"date":"2020-03-06T20:58:22","date_gmt":"2020-03-06T20:58:22","guid":{"rendered":"http:\/\/blancanunez.com\/?page_id=56"},"modified":"2021-12-19T22:40:09","modified_gmt":"2021-12-19T22:40:09","slug":"about","status":"publish","type":"page","link":"https:\/\/blancanunez.com\/es\/about\/","title":{"rendered":"Sobre m\u00ed"},"content":{"rendered":"<div data-elementor-type=\"wp-page\" data-elementor-id=\"56\" class=\"elementor elementor-56\">\n\t\t\t\t\t\t<div class=\"elementor-inner\">\n\t\t\t\t<div class=\"elementor-section-wrap\">\n\t\t\t\t\t\t\t\t\t<section class=\"elementor-section elementor-top-section elementor-element elementor-element-6b31972 elementor-section-boxed elementor-section-height-default elementor-section-height-default\" data-id=\"6b31972\" data-element_type=\"section\">\n\t\t\t\t\t\t<div class=\"elementor-container elementor-column-gap-default\">\n\t\t\t\t\t\t\t<div class=\"elementor-row\">\n\t\t\t\t\t<div class=\"elementor-column elementor-col-100 elementor-top-column elementor-element elementor-element-31b4225\" data-id=\"31b4225\" data-element_type=\"column\">\n\t\t\t<div class=\"elementor-column-wrap elementor-element-populated\">\n\t\t\t\t\t\t\t<div class=\"elementor-widget-wrap\">\n\t\t\t\t\t\t<div class=\"elementor-element elementor-element-b62b283 elementor-widget elementor-widget-image\" data-id=\"b62b283\" data-element_type=\"widget\" data-widget_type=\"image.default\">\n\t\t\t\t<div class=\"elementor-widget-container\">\n\t\t\t\t\t\t\t\t<div class=\"elementor-image\">\n\t\t\t\t\t\t\t\t\t\t\t\t<img decoding=\"async\" width=\"1024\" height=\"544\" src=\"https:\/\/blancanunez.com\/wp-content\/uploads\/2021\/12\/074A2844_pp-denoise-denoise-2-1024x544.jpg\" class=\"attachment-large size-large wp-image-693\" alt=\"\" loading=\"lazy\" srcset=\"https:\/\/blancanunez.com\/wp-content\/uploads\/2021\/12\/074A2844_pp-denoise-denoise-2-1024x544.jpg 1024w, https:\/\/blancanunez.com\/wp-content\/uploads\/2021\/12\/074A2844_pp-denoise-denoise-2-300x159.jpg 300w, https:\/\/blancanunez.com\/wp-content\/uploads\/2021\/12\/074A2844_pp-denoise-denoise-2-768x408.jpg 768w, https:\/\/blancanunez.com\/wp-content\/uploads\/2021\/12\/074A2844_pp-denoise-denoise-2-1536x815.jpg 1536w, https:\/\/blancanunez.com\/wp-content\/uploads\/2021\/12\/074A2844_pp-denoise-denoise-2-2048x1087.jpg 2048w, https:\/\/blancanunez.com\/wp-content\/uploads\/2021\/12\/074A2844_pp-denoise-denoise-2-18x10.jpg 18w, https:\/\/blancanunez.com\/wp-content\/uploads\/2021\/12\/074A2844_pp-denoise-denoise-2-830x441.jpg 830w, https:\/\/blancanunez.com\/wp-content\/uploads\/2021\/12\/074A2844_pp-denoise-denoise-2-230x122.jpg 230w, https:\/\/blancanunez.com\/wp-content\/uploads\/2021\/12\/074A2844_pp-denoise-denoise-2-350x186.jpg 350w, https:\/\/blancanunez.com\/wp-content\/uploads\/2021\/12\/074A2844_pp-denoise-denoise-2-480x255.jpg 480w, https:\/\/blancanunez.com\/wp-content\/uploads\/2021\/12\/074A2844_pp-denoise-denoise-2-600x319.jpg 600w\" sizes=\"(max-width: 1024px) 100vw, 1024px\" \/>\t\t\t\t\t\t\t\t\t\t\t\t\t\t<\/div>\n\t\t\t\t\t\t<\/div>\n\t\t\t\t<\/div>\n\t\t\t\t\t\t<\/div>\n\t\t\t\t\t<\/div>\n\t\t<\/div>\n\t\t\t\t\t\t\t\t<\/div>\n\t\t\t\t\t<\/div>\n\t\t<\/section>\n\t\t\t\t<section class=\"elementor-section elementor-top-section elementor-element elementor-element-f8aa3b9 elementor-section-boxed elementor-section-height-default elementor-section-height-default\" data-id=\"f8aa3b9\" data-element_type=\"section\">\n\t\t\t\t\t\t<div class=\"elementor-container elementor-column-gap-default\">\n\t\t\t\t\t\t\t<div class=\"elementor-row\">\n\t\t\t\t\t<div class=\"elementor-column elementor-col-100 elementor-top-column elementor-element elementor-element-bf464ad\" data-id=\"bf464ad\" data-element_type=\"column\">\n\t\t\t<div class=\"elementor-column-wrap elementor-element-populated\">\n\t\t\t\t\t\t\t<div class=\"elementor-widget-wrap\">\n\t\t\t\t\t\t<div class=\"elementor-element elementor-element-be61c5f elementor-widget elementor-widget-text-editor\" data-id=\"be61c5f\" data-element_type=\"widget\" data-widget_type=\"text-editor.default\">\n\t\t\t\t<div class=\"elementor-widget-container\">\n\t\t\t\t\t\t\t\t<div class=\"elementor-text-editor elementor-clearfix\">\n\t\t\t\t<h5>\u00bfQui\u00e9n soy yo?<\/h5>\n<p>Me llamo Blanca N\u00fa\u00f1ez, vengo de Espa\u00f1a y vivo en Alemania desde el a\u00f1o 2003.<\/p>\n<p>Soy cantante de jazz, compositora, multiinstrumentista y cantautora. Mis letras est\u00e1n en castellano y mi obra es un espejo de mi alma y de mi historia de autob\u00fasqueda. Pero... \u00bfcu\u00e1l es esa historia?<\/p>\t\t\t\t\t<\/div>\n\t\t\t\t\t\t<\/div>\n\t\t\t\t<\/div>\n\t\t\t\t\t\t<\/div>\n\t\t\t\t\t<\/div>\n\t\t<\/div>\n\t\t\t\t\t\t\t\t<\/div>\n\t\t\t\t\t<\/div>\n\t\t<\/section>\n\t\t\t\t<section class=\"elementor-section elementor-top-section elementor-element elementor-element-7519544a elementor-section-boxed elementor-section-height-default elementor-section-height-default\" data-id=\"7519544a\" data-element_type=\"section\">\n\t\t\t\t\t\t<div class=\"elementor-container elementor-column-gap-default\">\n\t\t\t\t\t\t\t<div class=\"elementor-row\">\n\t\t\t\t\t<div class=\"elementor-column elementor-col-100 elementor-top-column elementor-element elementor-element-704e05c8\" data-id=\"704e05c8\" data-element_type=\"column\">\n\t\t\t<div class=\"elementor-column-wrap elementor-element-populated\">\n\t\t\t\t\t\t\t<div class=\"elementor-widget-wrap\">\n\t\t\t\t\t\t<div class=\"elementor-element elementor-element-25349d13 elementor-widget elementor-widget-text-editor\" data-id=\"25349d13\" data-element_type=\"widget\" data-widget_type=\"text-editor.default\">\n\t\t\t\t<div class=\"elementor-widget-container\">\n\t\t\t\t\t\t\t\t<div class=\"elementor-text-editor elementor-clearfix\">\n\t\t\t\t<p><!-- wp:heading {\"level\":5} --><\/p>\n<p><!-- \/wp:paragraph --><\/p>\n<p><!-- wp:heading {\"level\":5} --><\/p>\n<h5>\u00bfQui\u00e9n soy yo en realidad?<\/h5>\n<p><!-- \/wp:heading --><\/p>\n<p><!-- wp:paragraph --><\/p>\n<p class=\" translation-block\">Probablemente al igual que t\u00fa, soy el resultado de una larga l\u00ednea de generaciones t\u00e1citas, de mujeres y hombres entrenados en la supresi\u00f3n de sus verdaderos sentimientos, del dolor y de sue\u00f1os m\u00e1s profundos. Soy una persona que se ha puesto como meta la busca y captura de su propia libertad.\n<br>Esta b\u00fasqueda ha ido teniendo varias etapas y lugares a lo largo de en mi vida. Desde una educaci\u00f3n musical cl\u00e1sica con varios instrumentos, estudios en Bellas Artes y una banda de pop en Valencia, pasando por trabajos de camarera en Barcelona, \u200b\u200bOviedo, Friburgo y Berl\u00edn y por el comienzo de la autonom\u00eda profesional como m\u00fasico, hasta llegar a licenciarme en canto jazz por la universidad de Colonia.<\/p>\n<p><!-- \/wp:paragraph --><\/p>\n<p><!-- wp:heading {\"level\":5} --><\/p>\n<h5>La m\u00fasica es el hogar que nunca me ha fallado.<\/h5>\n<p><!-- \/wp:heading --><\/p>\n<p><!-- wp:paragraph --><\/p>\n<p>Cuando ten\u00eda 3 a\u00f1os me encantaba jugar con el teclado Casio ochentero de mi hermana. Recuerdo el momento en el que descubr\u00ed una tecla roja detr\u00e1s de la que se escond\u00eda una melod\u00eda preciosa de Chopin. A pesar de aquel sonido tan sint\u00e9tico, cuando lleg\u00f3 la subdominante menor recuerdo con total nitidez c\u00f3mo se me saltaron las l\u00e1grimas. <br>Desde aquel momento no he dejado nunca de encontrar mi verdadero origen en la duraci\u00f3n de una pieza musical y en la magia del movimiento arm\u00f3nico.<\/p>\n<p><!-- \/wp:paragraph --><\/p>\n<p><!-- wp:paragraph --><\/p>\n<p>Escribo canciones porque ellas son el hogar que nunca me ha fallado. Tanto en los a\u00f1os en los que a\u00fan s\u00f3lo era mel\u00f3mana como a partir del momento en el que con 15 a\u00f1os empec\u00e9 a escribir mis propias canciones. <br>Una canci\u00f3n es una maleta, un castillo inchable o una tienda de campa\u00f1a. Es un lugar port\u00e1til e invisible capaz de mostrarnos en pocos minutos cosas que llevamos bien enterradas y que nos recuerdan que en el fondo somos todos iguales.<\/p>\n<p><!-- \/wp:paragraph --><\/p>\n<p><!-- wp:heading {\"level\":5} --><\/p>\n<h5>Mi misi\u00f3n: escribir canciones que abriguen al ser humano<\/h5>\n<p><!-- \/wp:heading --><\/p>\n<p><!-- wp:paragraph --><\/p>\n<p>Die Menschen mochten meine Songs und meine Art, beim Performen voll und ganz meinen Gef\u00fchlen treu zu bleiben. Etwas in ihnen ging beim Zuh\u00f6ren auf. Eisbarrieren schmolzen. Sie erkannten deren Sehnsucht nach Freiheit in meiner Stimme und wollten mir folgen, mehr von mir h\u00f6ren. Ich erkannte wiederum, dass hinter dieser Leidenschaft von mir, hinter diesem anderen Knopf, eine Lebensmission auf mich wartete: Songs zu schreiben, die andere Menschen in deren Menschlichkeit umarmen, best\u00e4rken und nach vorne gucken lassen.<\/p>\n<p><!-- \/wp:paragraph --><\/p>\n<p><!-- wp:heading {\"level\":5} --><\/p>\n<h5>Mein Weg der Intuition<\/h5>\n<p><!-- \/wp:heading --><\/p>\n<p><!-- wp:paragraph --><\/p>\n<p>Tags\u00fcber noch im \u201eLagerfeuer\u201c-Teenie-Sound verkleidet, mit Akustikgitarre, Powerchords und dem einen oder anderen selbsterfundenen Akkord, ich tr\u00e4umte Nachts wortw\u00f6rtlich von Musik. In diesen Tr\u00e4umen h\u00f6rte ich klassische Instrumente wie Klarinette, Klavier, Kontrabass, Cello oder Vibrafon. Sie spielten meine eigene Musik und ich sang dazu. Es f\u00fchlte sich zeitlos und richtig an. Und ich wusste, ich musste mich auf den Weg zu diesem anderen genrelosen Klang machen.<\/p>\n<p><!-- \/wp:paragraph --><\/p>\n<p><!-- wp:paragraph --><\/p>\n<p>W\u00e4hrend ich 2004 in Berlin \u00fcberlebte, meine ersten Worte deutsch lernte und keine Zeit f\u00fcr feinere Fortbildung hatte, spielte ich meine Songs an der Gitarre in Kneipen und U-Bahnstationen, energisch und unverst\u00e4rkt. Diese Songs schienen auch in Deutschland trotz Sprachbarriere die Herzen zu ber\u00fchren. Im februareisigen Durchzug der U-Bahnpassage am Halleschen Tor begegnete mir ein Musikproduzent aus den USA. Es sagte \u201eI was listening to your music and I was hearing money!\u201c. Diese und andere Erfahrungen r\u00fcttelten mich noch wacher und best\u00e4rkten mich in meinem Bed\u00fcrfnis, meine Musik nie aus den H\u00e4nden zu lassen.<\/p>\n<p><!-- \/wp:paragraph --><\/p>\n<p><!-- wp:paragraph --><\/p>\n<p>Ich lernte schon Anfang zwanzig, meinem Instinkt zu vertrauen. Ich beschloss, so lange und flei\u00dfig an meinem Musik- und Lebensfundament zu arbeiten, bis eines Tages der Raum entstehen w\u00fcrde, in dem ich den lang getr\u00e4umten Klang mit meinen eigenen Mitteln und Wissen gestalten konnte.<\/p>\n<p><!-- \/wp:paragraph --><\/p>\n<p><!-- wp:heading {\"level\":5} --><\/p>\n<h5>Die Ernte meines Weges<\/h5>\n<p><!-- \/wp:heading --><\/p>\n<p><!-- wp:paragraph --><\/p>\n<p>Nach einem acoustic pop-Deb\u00fctalbum (&#8222;<em>Cartas que nunca envi\u00e9<\/em>&#8220; der Blanca N\u00fa\u00f1ez Band, 2012), einem Jazzstudium, etlicher Mitwirkungen, Ver\u00f6ffentlichungen f\u00fcr andere Projekte und einem langen etcetera, habe ich in der Freiheit vom <strong>Jazz<\/strong>, langsam aber sicher, die Antwort auf meine Suche gefunden. Durch eine Reihe von Ereignissen, die meine Musik seit 2016 immer \u00f6fter auf Jazzb\u00fchnen gebracht haben, findet dort heute mein rastloses Komponistinnenherz Verst\u00e4ndnis und eine Heimat.<\/p>\n<p><!-- \/wp:paragraph --><\/p>\n<p><!-- wp:paragraph --><\/p>\n<p>In der nachhaltigen W\u00e4rme von Holz, Luft, Saiten, Metal oder Leder bilden meine tiefgreifenden Songs ein offenes Zuhause, mit gro\u00dfem Raum f\u00fcr Improvisation und Selbstgestaltung, f\u00fcr und mit meinen talentierten Mitmusikern.<\/p>\n<p><!-- \/wp:paragraph --><\/p>\n<p><!-- wp:paragraph --><\/p>\n<p>Meine spanischen Texte \u00fcber Schmerz, \u00dcberwindung, Selbst-\/Liebe und Findung der eigenen Kraft treffen auf bewegende harmonische Progressionen. Die improvisatorische Freiheit jedes Mitspielers schwingt zu Rhythmen, die an spanische, keltische und lateinamerikanische Tradition erinnern, gemischt mit der Zug\u00e4nglichkeit popul\u00e4rer Musik.<\/p>\n<p><!-- \/wp:paragraph --><\/p>\n<p><!-- wp:heading {\"level\":5} --><\/p>\n<h5>Ein Platz f\u00fcr Dich<\/h5>\n<p><!-- \/wp:heading --><\/p>\n<p><!-- wp:paragraph --><\/p>\n<p>Als Zuh\u00f6rerIn biete ich dir in jedem Song eine neue Landschaft an. Vielschichtig, bunt, mitrei\u00dfend, virtuos und voller Gef\u00fchl, ist jede Geschichte ein Puzzleteil im Universum der menschlichen Innenarchitektur. Ein musikalischer Dialog zwischen Freunden, die genau wissen, wie sich die Feinheiten dieser Landschaften anf\u00fchlen. In der Stimme jedes einzelnen Instruments und in der Dynamik jedes St\u00fcckes erkennst du deine eigene Kraft, deine eigene Freiheit und das Bed\u00fcrfnis, in dich selbst reinzuh\u00f6ren. Anhand meiner Geschichte der Klangsuche und -findung erkennst du, dass es sich lohnt, auf deine innere Stimme zu h\u00f6ren.<\/p>\n<p><!-- \/wp:paragraph --><\/p>\n<p><!-- wp:paragraph --><\/p>\n<p>Ich lade dich ein, das Lebenstempo runterzufahren. Ein ganzes Musikalbum von vorne bis hinten ganz altmodisch anzuh\u00f6ren. In dich selbst zu lauschen und festzuhalten, was nachhallt. Und ich freue mich, wenn du beim live Geschehen meiner Musik demn\u00e4chst auch dabei bist und unsere im Hier und Jetzt entstehenden Unikate mit deiner Anwesenheit inspirierst.<\/p>\n<p><!-- \/wp:paragraph --><\/p>\t\t\t\t\t<\/div>\n\t\t\t\t\t\t<\/div>\n\t\t\t\t<\/div>\n\t\t\t\t\t\t<\/div>\n\t\t\t\t\t<\/div>\n\t\t<\/div>\n\t\t\t\t\t\t\t\t<\/div>\n\t\t\t\t\t<\/div>\n\t\t<\/section>\n\t\t\t\t\t\t\t\t\t<\/div>\n\t\t\t<\/div>\n\t\t\t\t\t<\/div>","protected":false},"excerpt":{"rendered":"<p>Wer bin ich? Ich bin Blanca N\u00fa\u00f1ez, komme aus Spanien und lebe in Deutschland seit 2003. Ich bin jazz S\u00e4ngerin, Komponistin, Multiinstrumentalistin und Liedermacherin. Ich singe auf meiner Muttersprache und mein Werk ist ein Spiegel meiner Seele und meiner eigenen Geschichte der Selbstfindung. Doch was ist das f\u00fcr eine Geschichte? Wer bin ich wirklich? Wahrscheinlich [&hellip;]<\/p>","protected":false},"author":1,"featured_media":0,"parent":0,"menu_order":0,"comment_status":"closed","ping_status":"closed","template":"","meta":[],"_links":{"self":[{"href":"https:\/\/blancanunez.com\/es\/wp-json\/wp\/v2\/pages\/56"}],"collection":[{"href":"https:\/\/blancanunez.com\/es\/wp-json\/wp\/v2\/pages"}],"about":[{"href":"https:\/\/blancanunez.com\/es\/wp-json\/wp\/v2\/types\/page"}],"author":[{"embeddable":true,"href":"https:\/\/blancanunez.com\/es\/wp-json\/wp\/v2\/users\/1"}],"replies":[{"embeddable":true,"href":"https:\/\/blancanunez.com\/es\/wp-json\/wp\/v2\/comments?post=56"}],"version-history":[{"count":19,"href":"https:\/\/blancanunez.com\/es\/wp-json\/wp\/v2\/pages\/56\/revisions"}],"predecessor-version":[{"id":698,"href":"https:\/\/blancanunez.com\/es\/wp-json\/wp\/v2\/pages\/56\/revisions\/698"}],"wp:attachment":[{"href":"https:\/\/blancanunez.com\/es\/wp-json\/wp\/v2\/media?parent=56"}],"curies":[{"name":"wp","href":"https:\/\/api.w.org\/{rel}","templated":true}]}}