{"id":1154,"date":"2024-01-04T18:14:56","date_gmt":"2024-01-04T18:14:56","guid":{"rendered":"https:\/\/blancanunez.com\/?page_id=1154"},"modified":"2024-01-04T18:17:49","modified_gmt":"2024-01-04T18:17:49","slug":"bandcoaching","status":"publish","type":"page","link":"https:\/\/blancanunez.com\/es\/bandcoaching\/","title":{"rendered":"Bandcoaching"},"content":{"rendered":"<div data-elementor-type=\"wp-page\" data-elementor-id=\"1154\" class=\"elementor elementor-1154\">\n\t\t\t\t\t\t<div class=\"elementor-inner\">\n\t\t\t\t<div class=\"elementor-section-wrap\">\n\t\t\t\t\t\t\t\t\t<section class=\"elementor-section elementor-top-section elementor-element elementor-element-d7986be elementor-section-boxed elementor-section-height-default elementor-section-height-default\" data-id=\"d7986be\" data-element_type=\"section\">\n\t\t\t\t\t\t<div class=\"elementor-container elementor-column-gap-default\">\n\t\t\t\t\t\t\t<div class=\"elementor-row\">\n\t\t\t\t\t<div class=\"elementor-column elementor-col-100 elementor-top-column elementor-element elementor-element-f3d7f5e\" data-id=\"f3d7f5e\" data-element_type=\"column\">\n\t\t\t<div class=\"elementor-column-wrap elementor-element-populated\">\n\t\t\t\t\t\t\t<div class=\"elementor-widget-wrap\">\n\t\t\t\t\t\t<div class=\"elementor-element elementor-element-0fca0f6 elementor-widget elementor-widget-image\" data-id=\"0fca0f6\" data-element_type=\"widget\" data-widget_type=\"image.default\">\n\t\t\t\t<div class=\"elementor-widget-container\">\n\t\t\t\t\t\t\t\t<div class=\"elementor-image\">\n\t\t\t\t\t\t\t\t\t\t\t\t<img decoding=\"async\" width=\"1024\" height=\"512\" src=\"https:\/\/blancanunez.com\/wp-content\/uploads\/2023\/08\/A1E3996E-A09F-42A0-A8A6-585ABBDBC3CF_1_105_c-1024x512.jpeg\" class=\"attachment-large size-large wp-image-1156\" alt=\"\" loading=\"lazy\" srcset=\"https:\/\/blancanunez.com\/wp-content\/uploads\/2023\/08\/A1E3996E-A09F-42A0-A8A6-585ABBDBC3CF_1_105_c-1024x512.jpeg 1024w, https:\/\/blancanunez.com\/wp-content\/uploads\/2023\/08\/A1E3996E-A09F-42A0-A8A6-585ABBDBC3CF_1_105_c-300x150.jpeg 300w, https:\/\/blancanunez.com\/wp-content\/uploads\/2023\/08\/A1E3996E-A09F-42A0-A8A6-585ABBDBC3CF_1_105_c-768x384.jpeg 768w, https:\/\/blancanunez.com\/wp-content\/uploads\/2023\/08\/A1E3996E-A09F-42A0-A8A6-585ABBDBC3CF_1_105_c-18x9.jpeg 18w, https:\/\/blancanunez.com\/wp-content\/uploads\/2023\/08\/A1E3996E-A09F-42A0-A8A6-585ABBDBC3CF_1_105_c-830x415.jpeg 830w, https:\/\/blancanunez.com\/wp-content\/uploads\/2023\/08\/A1E3996E-A09F-42A0-A8A6-585ABBDBC3CF_1_105_c-230x115.jpeg 230w, https:\/\/blancanunez.com\/wp-content\/uploads\/2023\/08\/A1E3996E-A09F-42A0-A8A6-585ABBDBC3CF_1_105_c-350x175.jpeg 350w, https:\/\/blancanunez.com\/wp-content\/uploads\/2023\/08\/A1E3996E-A09F-42A0-A8A6-585ABBDBC3CF_1_105_c-480x240.jpeg 480w, https:\/\/blancanunez.com\/wp-content\/uploads\/2023\/08\/A1E3996E-A09F-42A0-A8A6-585ABBDBC3CF_1_105_c-600x300.jpeg 600w, https:\/\/blancanunez.com\/wp-content\/uploads\/2023\/08\/A1E3996E-A09F-42A0-A8A6-585ABBDBC3CF_1_105_c.jpeg 1254w\" sizes=\"(max-width: 1024px) 100vw, 1024px\" \/>\t\t\t\t\t\t\t\t\t\t\t\t\t\t<\/div>\n\t\t\t\t\t\t<\/div>\n\t\t\t\t<\/div>\n\t\t\t\t<div class=\"elementor-element elementor-element-5d4f98b elementor-widget__width-initial elementor-widget elementor-widget-text-editor\" data-id=\"5d4f98b\" data-element_type=\"widget\" data-widget_type=\"text-editor.default\">\n\t\t\t\t<div class=\"elementor-widget-container\">\n\t\t\t\t\t\t\t\t<div class=\"elementor-text-editor elementor-clearfix\">\n\t\t\t\t<p>Ich blicke auf fast 25 Jahre als Bandleader (S\u00e4ngerin, Multiinstrumentalistin, Songwriter\/Komponistin) zur\u00fcck. <br \/>Tausenden von Stunden habe ich im Proberaum, auf der B\u00fchne und im Studio verbracht und mit vielen Kollegen get\u00fcftelt, diskutiert, ausprobiert, Sackgassen gefunden und Aha-Momente erlebt, die das Ganze wieder aufs n\u00e4chste Level gebracht haben.<\/p><p>I<b>ch besuche euch<\/b> gerne im Proberaum und\/oder auf eurem Gig und gebe meinen Senf dazu. Ich h\u00f6re euch zu (eure Musik und euer Anliegen) und mache Vorschl\u00e4ge, die euch auf eurem k\u00fcnstlerischen Weg weiterhelfen sollen. Egal ob es an der Thechnik, an den Arrangements, an der Kommunikation zwischen den Bandmitgliedern, am musikalischen &#8222;K\u00f6nnen&#8220;, an der Repertoirewahl oder an der Orga hadert, ein paar L\u00f6sungen entsehen immer und der erfahrene Blick von au\u00dfen macht immer Sinn.<\/p>\t\t\t\t\t<\/div>\n\t\t\t\t\t\t<\/div>\n\t\t\t\t<\/div>\n\t\t\t\t<div class=\"elementor-element elementor-element-6065d83 elementor-widget elementor-widget-spacer\" data-id=\"6065d83\" data-element_type=\"widget\" data-widget_type=\"spacer.default\">\n\t\t\t\t<div class=\"elementor-widget-container\">\n\t\t\t\t\t<div class=\"elementor-spacer\">\n\t\t\t<div class=\"elementor-spacer-inner\"><\/div>\n\t\t<\/div>\n\t\t\t\t<\/div>\n\t\t\t\t<\/div>\n\t\t\t\t<div class=\"elementor-element elementor-element-41238ee elementor-widget elementor-widget-heading\" data-id=\"41238ee\" data-element_type=\"widget\" data-widget_type=\"heading.default\">\n\t\t\t\t<div class=\"elementor-widget-container\">\n\t\t\t<h3 class=\"elementor-heading-title elementor-size-default\">Bist du \/ seid ihr daran interessiert?<\/h3>\t\t<\/div>\n\t\t\t\t<\/div>\n\t\t\t\t<div class=\"elementor-element elementor-element-dd984ae elementor-widget elementor-widget-text-editor\" data-id=\"dd984ae\" data-element_type=\"widget\" data-widget_type=\"text-editor.default\">\n\t\t\t\t<div class=\"elementor-widget-container\">\n\t\t\t\t\t\t\t\t<div class=\"elementor-text-editor elementor-clearfix\">\n\t\t\t\t<p>Dann schickt mir eine unverbindliche Anfrage und ich melde mich ganz bald bei euch zur\u00fcck: <a href=\"mailto:contact@blancanunez.com\">contact@blancanunez.com<\/a><\/p>\t\t\t\t\t<\/div>\n\t\t\t\t\t\t<\/div>\n\t\t\t\t<\/div>\n\t\t\t\t\t\t<\/div>\n\t\t\t\t\t<\/div>\n\t\t<\/div>\n\t\t\t\t\t\t\t\t<\/div>\n\t\t\t\t\t<\/div>\n\t\t<\/section>\n\t\t\t\t\t\t\t\t\t<\/div>\n\t\t\t<\/div>\n\t\t\t\t\t<\/div>","protected":false},"excerpt":{"rendered":"<p>Ich blicke auf fast 25 Jahre als Bandleader (S\u00e4ngerin, Multiinstrumentalistin, Songwriter\/Komponistin) zur\u00fcck. Tausenden von Stunden habe ich im Proberaum, auf der B\u00fchne und im Studio verbracht und mit vielen Kollegen get\u00fcftelt, diskutiert, ausprobiert, Sackgassen gefunden und Aha-Momente erlebt, die das Ganze wieder aufs n\u00e4chste Level gebracht haben. Ich besuche euch gerne im Proberaum und\/oder auf [&hellip;]<\/p>","protected":false},"author":1,"featured_media":0,"parent":0,"menu_order":0,"comment_status":"closed","ping_status":"closed","template":"","meta":[],"_links":{"self":[{"href":"https:\/\/blancanunez.com\/es\/wp-json\/wp\/v2\/pages\/1154"}],"collection":[{"href":"https:\/\/blancanunez.com\/es\/wp-json\/wp\/v2\/pages"}],"about":[{"href":"https:\/\/blancanunez.com\/es\/wp-json\/wp\/v2\/types\/page"}],"author":[{"embeddable":true,"href":"https:\/\/blancanunez.com\/es\/wp-json\/wp\/v2\/users\/1"}],"replies":[{"embeddable":true,"href":"https:\/\/blancanunez.com\/es\/wp-json\/wp\/v2\/comments?post=1154"}],"version-history":[{"count":4,"href":"https:\/\/blancanunez.com\/es\/wp-json\/wp\/v2\/pages\/1154\/revisions"}],"predecessor-version":[{"id":1560,"href":"https:\/\/blancanunez.com\/es\/wp-json\/wp\/v2\/pages\/1154\/revisions\/1560"}],"wp:attachment":[{"href":"https:\/\/blancanunez.com\/es\/wp-json\/wp\/v2\/media?parent=1154"}],"curies":[{"name":"wp","href":"https:\/\/api.w.org\/{rel}","templated":true}]}}